{"id":862,"date":"2023-09-21T16:41:30","date_gmt":"2023-09-21T19:41:30","guid":{"rendered":"https:\/\/jotakaele.com.br\/?post_type=product&#038;p=862"},"modified":"2023-09-27T16:09:30","modified_gmt":"2023-09-27T19:09:30","slug":"lacre-manilok","status":"publish","type":"product","link":"https:\/\/jotakaele.com.br\/index.php\/produto\/lacre-manilok\/","title":{"rendered":"Lacre Manilok"},"content":{"rendered":"\n<p class=\"has-black-color has-text-color has-small-font-size\"><strong>DESCRI\u00c7\u00c3O COMPLETA<\/strong><\/p>\n\n\n\n<p class=\"has-small-font-size\">Lacre Manilock Cabo de A\u00e7o (Manivela).<\/p>\n\n\n\n<p class=\"has-black-color has-text-color has-small-font-size\"><strong>INDICA\u00c7\u00c3O<\/strong><\/p>\n\n\n\n<p class=\"has-small-font-size\">O Lacre Manilock com cabo de a\u00e7o \u00e9 um lacre indicativo de seguran\u00e7a com grande capacidade de resist\u00eancia. Seu uso \u00e9 recomendado para fechamento de todos os tipos de cargas, como: Combust\u00edveis, Granel, Ba\u00fa Seco, Ba\u00fa Frigor\u00edfico, Ba\u00fa Sider, Containers, Vag\u00f5es, entre outros<\/p>\n","protected":false},"excerpt":{"rendered":"<p>DESCRI\u00c7\u00c3O COMPLETA Lacre Manilock Cabo de A\u00e7o (Manivela). INDICA\u00c7\u00c3O O Lacre Manilock com cabo de a\u00e7o \u00e9 um lacre indicativo de seguran\u00e7a com grande capacidade de resist\u00eancia. Seu uso \u00e9 recomendado para fechamento de todos os tipos de cargas, como: Combust\u00edveis, Granel, Ba\u00fa Seco, Ba\u00fa Frigor\u00edfico, Ba\u00fa Sider, Containers, Vag\u00f5es, entre outros<\/p>\n","protected":false},"featured_media":1045,"comment_status":"open","ping_status":"closed","template":"","meta":[],"product_brand":[],"product_cat":[31],"product_tag":[],"class_list":{"0":"post-862","1":"product","2":"type-product","3":"status-publish","4":"has-post-thumbnail","6":"product_cat-acessorios","8":"first","9":"instock","10":"shipping-taxable","11":"product-type-simple"},"_links":{"self":[{"href":"https:\/\/jotakaele.com.br\/index.php\/wp-json\/wp\/v2\/product\/862","targetHints":{"allow":["GET"]}}],"collection":[{"href":"https:\/\/jotakaele.com.br\/index.php\/wp-json\/wp\/v2\/product"}],"about":[{"href":"https:\/\/jotakaele.com.br\/index.php\/wp-json\/wp\/v2\/types\/product"}],"replies":[{"embeddable":true,"href":"https:\/\/jotakaele.com.br\/index.php\/wp-json\/wp\/v2\/comments?post=862"}],"wp:featuredmedia":[{"embeddable":true,"href":"https:\/\/jotakaele.com.br\/index.php\/wp-json\/wp\/v2\/media\/1045"}],"wp:attachment":[{"href":"https:\/\/jotakaele.com.br\/index.php\/wp-json\/wp\/v2\/media?parent=862"}],"wp:term":[{"taxonomy":"product_brand","embeddable":true,"href":"https:\/\/jotakaele.com.br\/index.php\/wp-json\/wp\/v2\/product_brand?post=862"},{"taxonomy":"product_cat","embeddable":true,"href":"https:\/\/jotakaele.com.br\/index.php\/wp-json\/wp\/v2\/product_cat?post=862"},{"taxonomy":"product_tag","embeddable":true,"href":"https:\/\/jotakaele.com.br\/index.php\/wp-json\/wp\/v2\/product_tag?post=862"}],"curies":[{"name":"wp","href":"https:\/\/api.w.org\/{rel}","templated":true}]}}