{"id":854,"date":"2023-09-21T16:32:26","date_gmt":"2023-09-21T19:32:26","guid":{"rendered":"https:\/\/jotakaele.com.br\/?post_type=product&#038;p=854"},"modified":"2023-09-27T16:14:10","modified_gmt":"2023-09-27T19:14:10","slug":"jogo-de-chaves-hexalobular","status":"publish","type":"product","link":"https:\/\/jotakaele.com.br\/index.php\/produto\/jogo-de-chaves-hexalobular\/","title":{"rendered":"Jogo de Chaves Hexalobular"},"content":{"rendered":"\n<p class=\"has-black-color has-text-color has-small-font-size\"><strong>DESCRI\u00c7\u00c3O COMPLETA<\/strong><\/p>\n\n\n\n<p class=\"has-small-font-size\">Jogo de chaves composto por: 1 T10, 1 T15, 1 T20, 1 T25, 1 T27, 1 T30 e 1 T40. Acompanha 1 suporte pl\u00e1stico.<br>Indicada para apertar e soltar parafusos com perfil hexalobular.<br><\/p>\n","protected":false},"excerpt":{"rendered":"<p>DESCRI\u00c7\u00c3O COMPLETA Jogo de chaves composto por: 1 T10, 1 T15, 1 T20, 1 T25, 1 T27, 1 T30 e 1 T40. Acompanha 1 suporte pl\u00e1stico.Indicada para apertar e soltar parafusos com perfil hexalobular.<\/p>\n","protected":false},"featured_media":1049,"comment_status":"open","ping_status":"closed","template":"","meta":[],"product_brand":[],"product_cat":[31],"product_tag":[],"class_list":{"0":"post-854","1":"product","2":"type-product","3":"status-publish","4":"has-post-thumbnail","6":"product_cat-acessorios","8":"first","9":"instock","10":"shipping-taxable","11":"product-type-simple"},"_links":{"self":[{"href":"https:\/\/jotakaele.com.br\/index.php\/wp-json\/wp\/v2\/product\/854","targetHints":{"allow":["GET"]}}],"collection":[{"href":"https:\/\/jotakaele.com.br\/index.php\/wp-json\/wp\/v2\/product"}],"about":[{"href":"https:\/\/jotakaele.com.br\/index.php\/wp-json\/wp\/v2\/types\/product"}],"replies":[{"embeddable":true,"href":"https:\/\/jotakaele.com.br\/index.php\/wp-json\/wp\/v2\/comments?post=854"}],"wp:featuredmedia":[{"embeddable":true,"href":"https:\/\/jotakaele.com.br\/index.php\/wp-json\/wp\/v2\/media\/1049"}],"wp:attachment":[{"href":"https:\/\/jotakaele.com.br\/index.php\/wp-json\/wp\/v2\/media?parent=854"}],"wp:term":[{"taxonomy":"product_brand","embeddable":true,"href":"https:\/\/jotakaele.com.br\/index.php\/wp-json\/wp\/v2\/product_brand?post=854"},{"taxonomy":"product_cat","embeddable":true,"href":"https:\/\/jotakaele.com.br\/index.php\/wp-json\/wp\/v2\/product_cat?post=854"},{"taxonomy":"product_tag","embeddable":true,"href":"https:\/\/jotakaele.com.br\/index.php\/wp-json\/wp\/v2\/product_tag?post=854"}],"curies":[{"name":"wp","href":"https:\/\/api.w.org\/{rel}","templated":true}]}}