{"id":848,"date":"2023-09-21T16:17:41","date_gmt":"2023-09-21T19:17:41","guid":{"rendered":"https:\/\/jotakaele.com.br\/?post_type=product&#038;p=848"},"modified":"2023-09-27T16:18:21","modified_gmt":"2023-09-27T19:18:21","slug":"borrachas-vedacao","status":"publish","type":"product","link":"https:\/\/jotakaele.com.br\/index.php\/produto\/borrachas-vedacao\/","title":{"rendered":"Borrachas Para Veda\u00e7\u00e3o"},"content":{"rendered":"\n<p class=\"has-black-color has-text-color has-small-font-size\"><strong>DESCRI\u00c7\u00c3O COMPLETA<\/strong><\/p>\n\n\n\n<p class=\"has-small-font-size\">Borrachas para veda\u00e7\u00e3o.<br><\/p>\n\n\n\n<p class=\"has-small-font-size\">Possu\u00edmos uma grande variedade em borrachas para veda\u00e7\u00e3o, solicite o modelo com as especifica\u00e7\u00f5es que voc\u00ea precisa.<\/p>\n\n\n\n<p class=\"has-black-color has-text-color has-small-font-size\"><em><strong>Consultar op\u00e7\u00f5es dispon\u00edveis.<\/strong><\/em><\/p>\n","protected":false},"excerpt":{"rendered":"<p>DESCRI\u00c7\u00c3O COMPLETA Borrachas para veda\u00e7\u00e3o. Possu\u00edmos uma grande variedade em borrachas para veda\u00e7\u00e3o, solicite o modelo com as especifica\u00e7\u00f5es que voc\u00ea precisa. Consultar op\u00e7\u00f5es dispon\u00edveis.<\/p>\n","protected":false},"featured_media":1053,"comment_status":"open","ping_status":"closed","template":"","meta":[],"product_brand":[],"product_cat":[31],"product_tag":[],"class_list":{"0":"post-848","1":"product","2":"type-product","3":"status-publish","4":"has-post-thumbnail","6":"product_cat-acessorios","8":"first","9":"instock","10":"shipping-taxable","11":"product-type-simple"},"_links":{"self":[{"href":"https:\/\/jotakaele.com.br\/index.php\/wp-json\/wp\/v2\/product\/848","targetHints":{"allow":["GET"]}}],"collection":[{"href":"https:\/\/jotakaele.com.br\/index.php\/wp-json\/wp\/v2\/product"}],"about":[{"href":"https:\/\/jotakaele.com.br\/index.php\/wp-json\/wp\/v2\/types\/product"}],"replies":[{"embeddable":true,"href":"https:\/\/jotakaele.com.br\/index.php\/wp-json\/wp\/v2\/comments?post=848"}],"wp:featuredmedia":[{"embeddable":true,"href":"https:\/\/jotakaele.com.br\/index.php\/wp-json\/wp\/v2\/media\/1053"}],"wp:attachment":[{"href":"https:\/\/jotakaele.com.br\/index.php\/wp-json\/wp\/v2\/media?parent=848"}],"wp:term":[{"taxonomy":"product_brand","embeddable":true,"href":"https:\/\/jotakaele.com.br\/index.php\/wp-json\/wp\/v2\/product_brand?post=848"},{"taxonomy":"product_cat","embeddable":true,"href":"https:\/\/jotakaele.com.br\/index.php\/wp-json\/wp\/v2\/product_cat?post=848"},{"taxonomy":"product_tag","embeddable":true,"href":"https:\/\/jotakaele.com.br\/index.php\/wp-json\/wp\/v2\/product_tag?post=848"}],"curies":[{"name":"wp","href":"https:\/\/api.w.org\/{rel}","templated":true}]}}