{"id":846,"date":"2023-09-21T16:16:21","date_gmt":"2023-09-21T19:16:21","guid":{"rendered":"https:\/\/jotakaele.com.br\/?post_type=product&#038;p=846"},"modified":"2023-09-27T16:19:15","modified_gmt":"2023-09-27T19:19:15","slug":"chave-biela","status":"publish","type":"product","link":"https:\/\/jotakaele.com.br\/index.php\/produto\/chave-biela\/","title":{"rendered":"Chave Biela"},"content":{"rendered":"\n<p class=\"has-black-color has-text-color has-small-font-size\"><strong>DESCRI\u00c7\u00c3O COMPLETA<\/strong><\/p>\n\n\n\n<p class=\"has-black-color has-text-color has-small-font-size\">As bocas das chaves de roda s\u00e3o verificadas com gabaritos calibrados, o que garante seu perfeito acoplamento nos parafusos.<br>Afrouxar e apertar parafusos sextavados.<br><\/p>\n\n\n\n<p class=\"has-black-color has-text-color has-small-font-size\"><strong><em>Consultar tamanhos dispon\u00edveis.<\/em><\/strong><\/p>\n","protected":false},"excerpt":{"rendered":"<p>DESCRI\u00c7\u00c3O COMPLETA As bocas das chaves de roda s\u00e3o verificadas com gabaritos calibrados, o que garante seu perfeito acoplamento nos parafusos.Afrouxar e apertar parafusos sextavados. Consultar tamanhos dispon\u00edveis.<\/p>\n","protected":false},"featured_media":1052,"comment_status":"open","ping_status":"closed","template":"","meta":[],"product_brand":[],"product_cat":[31],"product_tag":[],"class_list":{"0":"post-846","1":"product","2":"type-product","3":"status-publish","4":"has-post-thumbnail","6":"product_cat-acessorios","8":"first","9":"instock","10":"shipping-taxable","11":"product-type-simple"},"_links":{"self":[{"href":"https:\/\/jotakaele.com.br\/index.php\/wp-json\/wp\/v2\/product\/846","targetHints":{"allow":["GET"]}}],"collection":[{"href":"https:\/\/jotakaele.com.br\/index.php\/wp-json\/wp\/v2\/product"}],"about":[{"href":"https:\/\/jotakaele.com.br\/index.php\/wp-json\/wp\/v2\/types\/product"}],"replies":[{"embeddable":true,"href":"https:\/\/jotakaele.com.br\/index.php\/wp-json\/wp\/v2\/comments?post=846"}],"wp:featuredmedia":[{"embeddable":true,"href":"https:\/\/jotakaele.com.br\/index.php\/wp-json\/wp\/v2\/media\/1052"}],"wp:attachment":[{"href":"https:\/\/jotakaele.com.br\/index.php\/wp-json\/wp\/v2\/media?parent=846"}],"wp:term":[{"taxonomy":"product_brand","embeddable":true,"href":"https:\/\/jotakaele.com.br\/index.php\/wp-json\/wp\/v2\/product_brand?post=846"},{"taxonomy":"product_cat","embeddable":true,"href":"https:\/\/jotakaele.com.br\/index.php\/wp-json\/wp\/v2\/product_cat?post=846"},{"taxonomy":"product_tag","embeddable":true,"href":"https:\/\/jotakaele.com.br\/index.php\/wp-json\/wp\/v2\/product_tag?post=846"}],"curies":[{"name":"wp","href":"https:\/\/api.w.org\/{rel}","templated":true}]}}