{"id":831,"date":"2023-09-21T14:45:51","date_gmt":"2023-09-21T17:45:51","guid":{"rendered":"https:\/\/jotakaele.com.br\/?post_type=product&#038;p=831"},"modified":"2023-09-27T14:33:07","modified_gmt":"2023-09-27T17:33:07","slug":"protetor-concha-ca-46-695","status":"publish","type":"product","link":"https:\/\/jotakaele.com.br\/index.php\/produto\/protetor-concha-ca-46-695\/","title":{"rendered":"Protetor Auditivo Concha"},"content":{"rendered":"\n<p class=\"has-black-color has-text-color has-small-font-size\"><strong>DESCRI\u00c7\u00c3O COMPLETA<\/strong><\/p>\n\n\n\n<p class=\"has-small-font-size\">Protetor auditivo , tipo concha, composto por almofadas em espumas revestidas em poli\u00e9ster nas suas laterais, no interior da concha com dupla camada de prote\u00e7\u00e3o em espuma e pol\u00edmeros pl\u00e1sticos, fixadas a uma haste em arco em pol\u00edmeros pl\u00e1sticos com regulagem na altura das conchas.<\/p>\n\n\n\n<p class=\"has-black-color has-text-color has-small-font-size\"><strong>CA: 46.695<\/strong><\/p>\n\n\n\n<p class=\"has-black-color has-text-color has-small-font-size\"><strong>INDICA\u00c7\u00c3O <\/strong><\/p>\n\n\n\n<p class=\"has-small-font-size\">O Protetor Auditivo Tipo Concha 16 Db Prot \u00e9 um produto de alta qualidade projetado para proteger seus ouvidos de ru\u00eddos excessivos. Com um design ergon\u00f4mico e confort\u00e1vel, este protetor auditivo \u00e9 perfeito para uso em ambientes barulhentos, como constru\u00e7\u00f5es, f\u00e1bricas e eventos esportivos.<\/p>\n","protected":false},"excerpt":{"rendered":"<p>CA: 46.695<\/p>\n<p>\u00a0<\/p>\n","protected":false},"featured_media":902,"comment_status":"open","ping_status":"closed","template":"","meta":[],"product_brand":[],"product_cat":[27],"product_tag":[],"class_list":{"0":"post-831","1":"product","2":"type-product","3":"status-publish","4":"has-post-thumbnail","6":"product_cat-protecao-cabeca-e-face","8":"first","9":"instock","10":"shipping-taxable","11":"product-type-simple"},"_links":{"self":[{"href":"https:\/\/jotakaele.com.br\/index.php\/wp-json\/wp\/v2\/product\/831","targetHints":{"allow":["GET"]}}],"collection":[{"href":"https:\/\/jotakaele.com.br\/index.php\/wp-json\/wp\/v2\/product"}],"about":[{"href":"https:\/\/jotakaele.com.br\/index.php\/wp-json\/wp\/v2\/types\/product"}],"replies":[{"embeddable":true,"href":"https:\/\/jotakaele.com.br\/index.php\/wp-json\/wp\/v2\/comments?post=831"}],"wp:featuredmedia":[{"embeddable":true,"href":"https:\/\/jotakaele.com.br\/index.php\/wp-json\/wp\/v2\/media\/902"}],"wp:attachment":[{"href":"https:\/\/jotakaele.com.br\/index.php\/wp-json\/wp\/v2\/media?parent=831"}],"wp:term":[{"taxonomy":"product_brand","embeddable":true,"href":"https:\/\/jotakaele.com.br\/index.php\/wp-json\/wp\/v2\/product_brand?post=831"},{"taxonomy":"product_cat","embeddable":true,"href":"https:\/\/jotakaele.com.br\/index.php\/wp-json\/wp\/v2\/product_cat?post=831"},{"taxonomy":"product_tag","embeddable":true,"href":"https:\/\/jotakaele.com.br\/index.php\/wp-json\/wp\/v2\/product_tag?post=831"}],"curies":[{"name":"wp","href":"https:\/\/api.w.org\/{rel}","templated":true}]}}