{"id":826,"date":"2023-09-21T14:42:35","date_gmt":"2023-09-21T17:42:35","guid":{"rendered":"https:\/\/jotakaele.com.br\/?post_type=product&#038;p=826"},"modified":"2023-09-28T15:21:05","modified_gmt":"2023-09-28T18:21:05","slug":"protetor-auricular-ca-14-470","status":"publish","type":"product","link":"https:\/\/jotakaele.com.br\/index.php\/produto\/protetor-auricular-ca-14-470\/","title":{"rendered":"Protetor Auricular Capacetinho"},"content":{"rendered":"\n<p class=\"has-black-color has-text-color has-small-font-size\"><strong>DESCRI\u00c7\u00c3O COMPLETA<\/strong><\/p>\n\n\n\n<p class=\"has-white-color has-text-color has-small-font-size\">Protetor auditivo tipo plug composto de tr\u00eas flanges, confeccionado em silicone.<\/p>\n\n\n\n<p><\/p>\n\n\n\n<p class=\"has-black-color has-text-color has-small-font-size\"><strong>CA: 14.470<br><\/strong><br><\/p>\n\n\n\n<p class=\"has-black-color has-text-color has-small-font-size\"><strong>INDICA\u00c7\u00c3O<\/strong><\/p>\n\n\n\n<p class=\"has-small-font-size\">Indicado para prote\u00e7\u00e3o do sistema auditivo do usu\u00e1rio contra n\u00edveis de press\u00e3o sonora provenientes ou provocados por ambientes ruidosos.<\/p>\n","protected":false},"excerpt":{"rendered":"<p>CA: 14.470<\/p>\n<p>\u00a0<\/p>\n","protected":false},"featured_media":893,"comment_status":"open","ping_status":"closed","template":"","meta":[],"product_brand":[],"product_cat":[27],"product_tag":[],"class_list":{"0":"post-826","1":"product","2":"type-product","3":"status-publish","4":"has-post-thumbnail","6":"product_cat-protecao-cabeca-e-face","8":"first","9":"instock","10":"shipping-taxable","11":"product-type-simple"},"_links":{"self":[{"href":"https:\/\/jotakaele.com.br\/index.php\/wp-json\/wp\/v2\/product\/826","targetHints":{"allow":["GET"]}}],"collection":[{"href":"https:\/\/jotakaele.com.br\/index.php\/wp-json\/wp\/v2\/product"}],"about":[{"href":"https:\/\/jotakaele.com.br\/index.php\/wp-json\/wp\/v2\/types\/product"}],"replies":[{"embeddable":true,"href":"https:\/\/jotakaele.com.br\/index.php\/wp-json\/wp\/v2\/comments?post=826"}],"wp:featuredmedia":[{"embeddable":true,"href":"https:\/\/jotakaele.com.br\/index.php\/wp-json\/wp\/v2\/media\/893"}],"wp:attachment":[{"href":"https:\/\/jotakaele.com.br\/index.php\/wp-json\/wp\/v2\/media?parent=826"}],"wp:term":[{"taxonomy":"product_brand","embeddable":true,"href":"https:\/\/jotakaele.com.br\/index.php\/wp-json\/wp\/v2\/product_brand?post=826"},{"taxonomy":"product_cat","embeddable":true,"href":"https:\/\/jotakaele.com.br\/index.php\/wp-json\/wp\/v2\/product_cat?post=826"},{"taxonomy":"product_tag","embeddable":true,"href":"https:\/\/jotakaele.com.br\/index.php\/wp-json\/wp\/v2\/product_tag?post=826"}],"curies":[{"name":"wp","href":"https:\/\/api.w.org\/{rel}","templated":true}]}}