{"id":822,"date":"2023-09-21T14:37:59","date_gmt":"2023-09-21T17:37:59","guid":{"rendered":"https:\/\/jotakaele.com.br\/?post_type=product&#038;p=822"},"modified":"2023-09-27T14:34:16","modified_gmt":"2023-09-27T17:34:16","slug":"filtro-9000-ca-5758","status":"publish","type":"product","link":"https:\/\/jotakaele.com.br\/index.php\/produto\/filtro-9000-ca-5758\/","title":{"rendered":"Filtro 9000"},"content":{"rendered":"\n<p class=\"has-black-color has-text-color has-small-font-size\"><strong>DESCRI\u00c7\u00c3O COMPLETA<\/strong><\/p>\n\n\n\n<p class=\"has-small-font-size\">Respirador purificador de ar tipo pe\u00e7a facial inteira confeccionada de silicone azul ou de neoprene preto, com visor de material r\u00edgido transparente, fixado ao corpo da mesma por um aro met\u00e1lico ou de pl\u00e1stico preto, dotado de 02 parafusos. A pe\u00e7a com aro de material pl\u00e1stico preto \u00e9 identificada como \u201cABS\u201d. Na parte centro inferior do corpo da pe\u00e7a existe 01 abertura para o encaixe de 01 dispositivo de pl\u00e1stico r\u00edgido preto, preso \u00e0 pe\u00e7a por abra\u00e7adeira met\u00e1lica. Este dispositivo apresenta, na parte externa inferior, uma tampa em material pl\u00e1stico preto com aberturas e na parte interna inferior, um suporte com 01 v\u00e1lvula de exala\u00e7\u00e3o. Na parte traseira do dispositivo localiza-se o diafragma de voz (exceto nas pe\u00e7as STD &#8211; STANDARD) e a mascarilha, confeccionada no mesmo material da pe\u00e7a, dotada, na parte superior, de 02 (duas) v\u00e1lvulas de inala\u00e7\u00e3o. Na parte dianteira superior do dispositivo, existe 01 bocal c\/rosca interna, onde s\u00e3o rosqueados os filtros qu\u00edmicos, para part\u00edculas e combinados ou um adaptador pl\u00e1stico azul, com 01 encaixe tipo rosca na parte traseira para utiliza\u00e7\u00e3o de filtros para part\u00edculas especiais. Na parte interna do bocal encontra-se fixada 01 v\u00e1lvula de inala\u00e7\u00e3o. Possui 01 tirante de cabe\u00e7a com 05 pontos de fixa\u00e7\u00e3o, preso \u00e0s bordas por fivelas pl\u00e1sticas pretas, com presilhas e ajuste r\u00e1pido.<\/p>\n\n\n\n<p class=\"has-black-color has-text-color has-small-font-size\"><strong>CA: 5758<\/strong><\/p>\n\n\n\n<p><\/p>\n","protected":false},"excerpt":{"rendered":"<p>CA: 5758<\/p>\n","protected":false},"featured_media":895,"comment_status":"open","ping_status":"closed","template":"","meta":[],"product_brand":[],"product_cat":[27],"product_tag":[],"class_list":{"0":"post-822","1":"product","2":"type-product","3":"status-publish","4":"has-post-thumbnail","6":"product_cat-protecao-cabeca-e-face","8":"first","9":"instock","10":"shipping-taxable","11":"product-type-simple"},"_links":{"self":[{"href":"https:\/\/jotakaele.com.br\/index.php\/wp-json\/wp\/v2\/product\/822","targetHints":{"allow":["GET"]}}],"collection":[{"href":"https:\/\/jotakaele.com.br\/index.php\/wp-json\/wp\/v2\/product"}],"about":[{"href":"https:\/\/jotakaele.com.br\/index.php\/wp-json\/wp\/v2\/types\/product"}],"replies":[{"embeddable":true,"href":"https:\/\/jotakaele.com.br\/index.php\/wp-json\/wp\/v2\/comments?post=822"}],"wp:featuredmedia":[{"embeddable":true,"href":"https:\/\/jotakaele.com.br\/index.php\/wp-json\/wp\/v2\/media\/895"}],"wp:attachment":[{"href":"https:\/\/jotakaele.com.br\/index.php\/wp-json\/wp\/v2\/media?parent=822"}],"wp:term":[{"taxonomy":"product_brand","embeddable":true,"href":"https:\/\/jotakaele.com.br\/index.php\/wp-json\/wp\/v2\/product_brand?post=822"},{"taxonomy":"product_cat","embeddable":true,"href":"https:\/\/jotakaele.com.br\/index.php\/wp-json\/wp\/v2\/product_cat?post=822"},{"taxonomy":"product_tag","embeddable":true,"href":"https:\/\/jotakaele.com.br\/index.php\/wp-json\/wp\/v2\/product_tag?post=822"}],"curies":[{"name":"wp","href":"https:\/\/api.w.org\/{rel}","templated":true}]}}