{"id":820,"date":"2023-09-21T14:36:46","date_gmt":"2023-09-21T17:36:46","guid":{"rendered":"https:\/\/jotakaele.com.br\/?post_type=product&#038;p=820"},"modified":"2023-09-27T14:34:34","modified_gmt":"2023-09-27T17:34:34","slug":"respirador-fuga-ca-5821","status":"publish","type":"product","link":"https:\/\/jotakaele.com.br\/index.php\/produto\/respirador-fuga-ca-5821\/","title":{"rendered":"Respirador Purificador Para Fuga"},"content":{"rendered":"\n<p class=\"has-black-color has-text-color has-small-font-size\"><strong>DESCRI\u00c7\u00c3O COMPLETA<\/strong><\/p>\n\n\n\n<p class=\"has-small-font-size\">Respirador purificador de ar para fuga, com corpo confeccionado em borracha, tem na sua parte superior um bocal para ajuste na boca, e na parte inferior um local para encaixe do filtro. Preso ao bocal, por meio de uma fita pl\u00e1stica flex\u00edvel, est\u00e1 um pin\u00e7a nasal que tem como fun\u00e7\u00e3o comprimir as narinas. O respirador \u00e9 utilizado com o filtro qu\u00edmico multigases tipo 8240 ABEK.<\/p>\n\n\n\n<p class=\"has-black-color has-text-color has-small-font-size\"><strong>CA: 5821<\/strong><br><\/p>\n\n\n\n<p class=\"has-black-color has-text-color has-small-font-size\"><strong>INDICA\u00c7\u00c3O<\/strong><\/p>\n\n\n\n<p class=\"has-small-font-size\">Este respirador foi projetado para oferecer prote\u00e7\u00e3o a pessoas um procedimento de fuga de \u00e1reas subitamente invadidas por gases e vapores t\u00f3xicos provenientes de vazamento;<\/p>\n","protected":false},"excerpt":{"rendered":"<p>CA: 5821<\/p>\n","protected":false},"featured_media":896,"comment_status":"open","ping_status":"closed","template":"","meta":[],"product_brand":[],"product_cat":[27],"product_tag":[],"class_list":{"0":"post-820","1":"product","2":"type-product","3":"status-publish","4":"has-post-thumbnail","6":"product_cat-protecao-cabeca-e-face","8":"first","9":"instock","10":"shipping-taxable","11":"product-type-simple"},"_links":{"self":[{"href":"https:\/\/jotakaele.com.br\/index.php\/wp-json\/wp\/v2\/product\/820","targetHints":{"allow":["GET"]}}],"collection":[{"href":"https:\/\/jotakaele.com.br\/index.php\/wp-json\/wp\/v2\/product"}],"about":[{"href":"https:\/\/jotakaele.com.br\/index.php\/wp-json\/wp\/v2\/types\/product"}],"replies":[{"embeddable":true,"href":"https:\/\/jotakaele.com.br\/index.php\/wp-json\/wp\/v2\/comments?post=820"}],"wp:featuredmedia":[{"embeddable":true,"href":"https:\/\/jotakaele.com.br\/index.php\/wp-json\/wp\/v2\/media\/896"}],"wp:attachment":[{"href":"https:\/\/jotakaele.com.br\/index.php\/wp-json\/wp\/v2\/media?parent=820"}],"wp:term":[{"taxonomy":"product_brand","embeddable":true,"href":"https:\/\/jotakaele.com.br\/index.php\/wp-json\/wp\/v2\/product_brand?post=820"},{"taxonomy":"product_cat","embeddable":true,"href":"https:\/\/jotakaele.com.br\/index.php\/wp-json\/wp\/v2\/product_cat?post=820"},{"taxonomy":"product_tag","embeddable":true,"href":"https:\/\/jotakaele.com.br\/index.php\/wp-json\/wp\/v2\/product_tag?post=820"}],"curies":[{"name":"wp","href":"https:\/\/api.w.org\/{rel}","templated":true}]}}