{"id":818,"date":"2023-09-21T14:34:14","date_gmt":"2023-09-21T17:34:14","guid":{"rendered":"https:\/\/jotakaele.com.br\/?post_type=product&#038;p=818"},"modified":"2023-09-27T14:34:49","modified_gmt":"2023-09-27T17:34:49","slug":"respirador-full-face-ca-5758","status":"publish","type":"product","link":"https:\/\/jotakaele.com.br\/index.php\/produto\/respirador-full-face-ca-5758\/","title":{"rendered":"Respirador Full Face"},"content":{"rendered":"\n<p class=\"has-black-color has-text-color has-small-font-size\"><strong>DESCRI\u00c7\u00c3O COMPLETA<\/strong><\/p>\n\n\n\n<p class=\"has-small-font-size\">A m\u00e1scara facial Full Face RB \u00e9 um respirador de ar de seguran\u00e7a, tipo pe\u00e7a facial inteira, confeccionada em silicone, nas cores azul ou amarelo, ou em neoprene, na cor preta. Possui um QUALIFLEXr panor\u00e2mico, de material pl\u00e1stico r\u00edgido transparente, fixo na m\u00e1scara por um aro de metal ou pl\u00e1stico. A parte frontal inferior do corpo da m\u00e1scara possui uma abertura para fixa\u00e7\u00e3o de um bocal dotado de um suporte para v\u00e1lvula de exala\u00e7\u00e3o, diafragma de voz (exceto no modelo STD Standard), uma v\u00e1lvula de inala\u00e7\u00e3o que \u00e9 presa na parte traseira do suporte onde \u00e9 rosqueado o filtro, e uma mascarilha interna.<\/p>\n\n\n\n<p class=\"has-small-font-size\">A m\u00e1scara possui um tirante de cabe\u00e7a com cinco pontos de apoio, presos nas bordas por meio de fivelas de material pl\u00e1stico com presilhas de material met\u00e1lico para ajuste r\u00e1pido.<\/p>\n\n\n\n<p class=\"has-small-font-size\">Tamb\u00e9m possui uma tira de nuca para descanso (exceto no modelo STD Standard), presa atrav\u00e9s de dois pontos nas fivelas das bordas inferiores da m\u00e1scara.<\/p>\n\n\n\n<p class=\"has-small-font-size\">Acompanha a m\u00e1scara um dispositivo pl\u00e1stico na cor azul, dotado de rosca, para encaixe do filtro mec\u00e2nico tipo AS 3000.<\/p>\n\n\n\n<p class=\"has-black-color has-text-color has-small-font-size\"><strong>CA: 5758<\/strong><br><\/p>\n","protected":false},"excerpt":{"rendered":"<p>CA: 5758<\/p>\n<p>Respirador purificador de ar tipo pe\u00e7a facial inteira confeccionada de silicone azul ou de neoprene preto, com visor de material r\u00edgido transparente, fixado ao corpo da mesma por um aro met\u00e1lico ou de pl\u00e1stico preto, dotado de 02 parafusos. A pe\u00e7a com aro de material pl\u00e1stico preto \u00e9 identificada como \u201cABS\u201d.<\/p>\n","protected":false},"featured_media":897,"comment_status":"open","ping_status":"closed","template":"","meta":[],"product_brand":[],"product_cat":[27],"product_tag":[],"class_list":{"0":"post-818","1":"product","2":"type-product","3":"status-publish","4":"has-post-thumbnail","6":"product_cat-protecao-cabeca-e-face","8":"first","9":"instock","10":"shipping-taxable","11":"product-type-simple"},"_links":{"self":[{"href":"https:\/\/jotakaele.com.br\/index.php\/wp-json\/wp\/v2\/product\/818","targetHints":{"allow":["GET"]}}],"collection":[{"href":"https:\/\/jotakaele.com.br\/index.php\/wp-json\/wp\/v2\/product"}],"about":[{"href":"https:\/\/jotakaele.com.br\/index.php\/wp-json\/wp\/v2\/types\/product"}],"replies":[{"embeddable":true,"href":"https:\/\/jotakaele.com.br\/index.php\/wp-json\/wp\/v2\/comments?post=818"}],"wp:featuredmedia":[{"embeddable":true,"href":"https:\/\/jotakaele.com.br\/index.php\/wp-json\/wp\/v2\/media\/897"}],"wp:attachment":[{"href":"https:\/\/jotakaele.com.br\/index.php\/wp-json\/wp\/v2\/media?parent=818"}],"wp:term":[{"taxonomy":"product_brand","embeddable":true,"href":"https:\/\/jotakaele.com.br\/index.php\/wp-json\/wp\/v2\/product_brand?post=818"},{"taxonomy":"product_cat","embeddable":true,"href":"https:\/\/jotakaele.com.br\/index.php\/wp-json\/wp\/v2\/product_cat?post=818"},{"taxonomy":"product_tag","embeddable":true,"href":"https:\/\/jotakaele.com.br\/index.php\/wp-json\/wp\/v2\/product_tag?post=818"}],"curies":[{"name":"wp","href":"https:\/\/api.w.org\/{rel}","templated":true}]}}