{"id":814,"date":"2023-09-21T14:21:24","date_gmt":"2023-09-21T17:21:24","guid":{"rendered":"https:\/\/jotakaele.com.br\/?post_type=product&#038;p=814"},"modified":"2023-09-27T14:52:09","modified_gmt":"2023-09-27T17:52:09","slug":"respirador-facial","status":"publish","type":"product","link":"https:\/\/jotakaele.com.br\/index.php\/produto\/respirador-facial\/","title":{"rendered":"Respirador Facial"},"content":{"rendered":"\n<p class=\"has-black-color has-text-color has-small-font-size\"><strong>DESCRI\u00c7\u00c3O COMPLETA<\/strong><\/p>\n\n\n\n<p class=\"has-small-font-size\">Respirador purificador de ar para fuga, com corpo confeccionado em borracha, tem na sua parte superior um bocal para ajuste na boca, e na parte inferior um local para encaixe do filtro. Preso ao bocal, por meio de uma fita pl\u00e1stica flex\u00edvel, est\u00e1 um pin\u00e7a nasal que tem como fun\u00e7\u00e3o comprimir as narinas. O respirador \u00e9 utilizado com o filtro qu\u00edmico multigases tipo 8240 ABEK.<\/p>\n\n\n\n<p class=\"has-black-color has-text-color has-small-font-size\"><strong>CA: 12.973<br><\/strong><\/p>\n\n\n\n<p class=\"has-black-color has-text-color has-small-font-size\"><strong>INDICA\u00c7\u00c3O<\/strong><\/p>\n\n\n\n<p class=\"has-small-font-size\">Prote\u00e7\u00e3o das vias respirat\u00f3rias do usu\u00e1rio contra a inala\u00e7\u00e3o de part\u00edculas s\u00f3lidas, quando utilizado com filtros mec\u00e2nicos ou combinados, e contra gases e vapores, quando utilizado com filtros qu\u00edmicos ou combinados.<\/p>\n\n\n\n<p class=\"has-small-font-size\">O FPA (Fator de Prote\u00e7\u00e3o Atribu\u00eddo) desta m\u00e1scara \u00e9 10, ou seja, pode ser utilizado em ambientes cujo contaminante n\u00e3o exceda 10 vezes o seu limite de toler\u00e2ncia. Aprovado para uso com filtros de prote\u00e7\u00e3o respirat\u00f3ria.<\/p>\n","protected":false},"excerpt":{"rendered":"<p>CA: 12.973<\/p>\n","protected":false},"featured_media":900,"comment_status":"open","ping_status":"closed","template":"","meta":[],"product_brand":[],"product_cat":[27],"product_tag":[],"class_list":{"0":"post-814","1":"product","2":"type-product","3":"status-publish","4":"has-post-thumbnail","6":"product_cat-protecao-cabeca-e-face","8":"first","9":"instock","10":"shipping-taxable","11":"product-type-simple"},"_links":{"self":[{"href":"https:\/\/jotakaele.com.br\/index.php\/wp-json\/wp\/v2\/product\/814","targetHints":{"allow":["GET"]}}],"collection":[{"href":"https:\/\/jotakaele.com.br\/index.php\/wp-json\/wp\/v2\/product"}],"about":[{"href":"https:\/\/jotakaele.com.br\/index.php\/wp-json\/wp\/v2\/types\/product"}],"replies":[{"embeddable":true,"href":"https:\/\/jotakaele.com.br\/index.php\/wp-json\/wp\/v2\/comments?post=814"}],"wp:featuredmedia":[{"embeddable":true,"href":"https:\/\/jotakaele.com.br\/index.php\/wp-json\/wp\/v2\/media\/900"}],"wp:attachment":[{"href":"https:\/\/jotakaele.com.br\/index.php\/wp-json\/wp\/v2\/media?parent=814"}],"wp:term":[{"taxonomy":"product_brand","embeddable":true,"href":"https:\/\/jotakaele.com.br\/index.php\/wp-json\/wp\/v2\/product_brand?post=814"},{"taxonomy":"product_cat","embeddable":true,"href":"https:\/\/jotakaele.com.br\/index.php\/wp-json\/wp\/v2\/product_cat?post=814"},{"taxonomy":"product_tag","embeddable":true,"href":"https:\/\/jotakaele.com.br\/index.php\/wp-json\/wp\/v2\/product_tag?post=814"}],"curies":[{"name":"wp","href":"https:\/\/api.w.org\/{rel}","templated":true}]}}