{"id":731,"date":"2023-09-20T15:52:02","date_gmt":"2023-09-20T18:52:02","guid":{"rendered":"https:\/\/jotakaele.com.br\/?post_type=product&#038;p=731"},"modified":"2023-09-26T15:07:47","modified_gmt":"2023-09-26T18:07:47","slug":"desengraxante","status":"publish","type":"product","link":"https:\/\/jotakaele.com.br\/index.php\/produto\/desengraxante\/","title":{"rendered":"Desengraxante &#8211; Biogel"},"content":{"rendered":"\n<p class=\"has-black-color has-text-color\"><strong>DESCRI\u00c7\u00c3O COMPLETA<\/strong><\/p>\n\n\n\n<p class=\"has-small-font-size\">Biogel \u00e9 a revolu\u00e7\u00e3o na limpeza das m\u00e3os. Sua f\u00f3rmula possui fragr\u00e2ncia agrad\u00e1vel e microesferas de polietileno que auxiliam na limpeza de graxas, gorduras e sujeiras.<\/p>\n\n\n\n<p class=\"has-small-font-size\">Sua alta tecnologia evita desperd\u00edcio e contamina\u00e7\u00e3o.<\/p>\n\n\n\n<p class=\"has-small-font-size\">As sua microesferas de polietileno flutuam na \u00e1gua, impedindo o entupimento de tubula\u00e7\u00f5es.<\/p>\n\n\n\n<p class=\"has-small-font-size\">A utiliza\u00e7\u00e3o do Biogel \u00e9 extremamente segura. Sua formula\u00e7\u00e3o \u00e9 isenta de solventes e agentes c\u00e1usticos, EVITANDO ASSIM O RESSECAMENTO DA PELE.<\/p>\n\n\n\n<p class=\"has-small-font-size\">Este produto possui registro na ANVISA e laudos de biodegradabilidade e n\u00e3o irrita\u00e7\u00e3o cut\u00e2nea.<\/p>\n\n\n\n<ul class=\"wp-block-list\">\n<li class=\"has-small-font-size\">Eficiente<\/li>\n\n\n\n<li class=\"has-small-font-size\">Econ\u00f4mico<\/li>\n\n\n\n<li class=\"has-small-font-size\">Economiza \u00e1gua<\/li>\n\n\n\n<li class=\"has-small-font-size\">N\u00e3o agride a pele<\/li>\n\n\n\n<li class=\"has-small-font-size\">Evita contamina\u00e7\u00e3o<\/li>\n\n\n\n<li class=\"has-small-font-size\">Fragr\u00e2ncia c\u00edtrica agrad\u00e1vel<\/li>\n\n\n\n<li class=\"has-small-font-size\">N\u00e3o entope esgotos<\/li>\n\n\n\n<li class=\"has-small-font-size\">Lavagem \u00e0 seco, sem o uso de \u00e1gua<\/li>\n<\/ul>\n","protected":false},"excerpt":{"rendered":"<p>\u00a0<\/p>\n","protected":false},"featured_media":944,"comment_status":"open","ping_status":"closed","template":"","meta":[],"product_brand":[],"product_cat":[18],"product_tag":[],"class_list":{"0":"post-731","1":"product","2":"type-product","3":"status-publish","4":"has-post-thumbnail","6":"product_cat-protecao-para-maos","8":"first","9":"instock","10":"shipping-taxable","11":"product-type-simple"},"_links":{"self":[{"href":"https:\/\/jotakaele.com.br\/index.php\/wp-json\/wp\/v2\/product\/731","targetHints":{"allow":["GET"]}}],"collection":[{"href":"https:\/\/jotakaele.com.br\/index.php\/wp-json\/wp\/v2\/product"}],"about":[{"href":"https:\/\/jotakaele.com.br\/index.php\/wp-json\/wp\/v2\/types\/product"}],"replies":[{"embeddable":true,"href":"https:\/\/jotakaele.com.br\/index.php\/wp-json\/wp\/v2\/comments?post=731"}],"wp:featuredmedia":[{"embeddable":true,"href":"https:\/\/jotakaele.com.br\/index.php\/wp-json\/wp\/v2\/media\/944"}],"wp:attachment":[{"href":"https:\/\/jotakaele.com.br\/index.php\/wp-json\/wp\/v2\/media?parent=731"}],"wp:term":[{"taxonomy":"product_brand","embeddable":true,"href":"https:\/\/jotakaele.com.br\/index.php\/wp-json\/wp\/v2\/product_brand?post=731"},{"taxonomy":"product_cat","embeddable":true,"href":"https:\/\/jotakaele.com.br\/index.php\/wp-json\/wp\/v2\/product_cat?post=731"},{"taxonomy":"product_tag","embeddable":true,"href":"https:\/\/jotakaele.com.br\/index.php\/wp-json\/wp\/v2\/product_tag?post=731"}],"curies":[{"name":"wp","href":"https:\/\/api.w.org\/{rel}","templated":true}]}}