{"id":720,"date":"2023-09-20T15:29:52","date_gmt":"2023-09-20T18:29:52","guid":{"rendered":"https:\/\/jotakaele.com.br\/?post_type=product&#038;p=720"},"modified":"2023-09-28T14:28:12","modified_gmt":"2023-09-28T17:28:12","slug":"extintor-de-incendio","status":"publish","type":"product","link":"https:\/\/jotakaele.com.br\/index.php\/produto\/extintor-de-incendio\/","title":{"rendered":"Extintor Veicular"},"content":{"rendered":"\n<p class=\"has-black-color has-text-color has-small-font-size\"><strong>DESCRI\u00c7\u00c3O COMPLETA<\/strong><\/p>\n\n\n\n<p class=\"has-small-font-size\">O extintor\u00a0port\u00e1til possui carga de p\u00f3 qu\u00edmico capaz de combater fogos das classes A, B e C.<\/p>\n\n\n\n<p class=\"has-small-font-size\">2kg<\/p>\n\n\n\n<p class=\"has-small-font-size\">4kg <\/p>\n\n\n\n<p class=\"has-small-font-size\">8kg <\/p>\n\n\n\n<p class=\"has-small-font-size\">12kg <\/p>\n","protected":false},"excerpt":{"rendered":"<p>DESCRI\u00c7\u00c3O COMPLETA O extintor\u00a0port\u00e1til possui carga de p\u00f3 qu\u00edmico capaz de combater fogos das classes A, B e C. 2kg 4kg 8kg 12kg<\/p>\n","protected":false},"featured_media":988,"comment_status":"open","ping_status":"closed","template":"","meta":[],"product_brand":[],"product_cat":[21],"product_tag":[],"class_list":{"0":"post-720","1":"product","2":"type-product","3":"status-publish","4":"has-post-thumbnail","6":"product_cat-transporte-cargas-perigosas","8":"first","9":"instock","10":"shipping-taxable","11":"product-type-simple"},"_links":{"self":[{"href":"https:\/\/jotakaele.com.br\/index.php\/wp-json\/wp\/v2\/product\/720","targetHints":{"allow":["GET"]}}],"collection":[{"href":"https:\/\/jotakaele.com.br\/index.php\/wp-json\/wp\/v2\/product"}],"about":[{"href":"https:\/\/jotakaele.com.br\/index.php\/wp-json\/wp\/v2\/types\/product"}],"replies":[{"embeddable":true,"href":"https:\/\/jotakaele.com.br\/index.php\/wp-json\/wp\/v2\/comments?post=720"}],"wp:featuredmedia":[{"embeddable":true,"href":"https:\/\/jotakaele.com.br\/index.php\/wp-json\/wp\/v2\/media\/988"}],"wp:attachment":[{"href":"https:\/\/jotakaele.com.br\/index.php\/wp-json\/wp\/v2\/media?parent=720"}],"wp:term":[{"taxonomy":"product_brand","embeddable":true,"href":"https:\/\/jotakaele.com.br\/index.php\/wp-json\/wp\/v2\/product_brand?post=720"},{"taxonomy":"product_cat","embeddable":true,"href":"https:\/\/jotakaele.com.br\/index.php\/wp-json\/wp\/v2\/product_cat?post=720"},{"taxonomy":"product_tag","embeddable":true,"href":"https:\/\/jotakaele.com.br\/index.php\/wp-json\/wp\/v2\/product_tag?post=720"}],"curies":[{"name":"wp","href":"https:\/\/api.w.org\/{rel}","templated":true}]}}