{"id":707,"date":"2023-09-20T15:22:16","date_gmt":"2023-09-20T18:22:16","guid":{"rendered":"https:\/\/jotakaele.com.br\/?post_type=product&#038;p=707"},"modified":"2023-09-28T15:05:05","modified_gmt":"2023-09-28T18:05:05","slug":"lanterna-led-aluminio","status":"publish","type":"product","link":"https:\/\/jotakaele.com.br\/index.php\/produto\/lanterna-led-aluminio\/","title":{"rendered":"Lanterna Led Aluminio &#8211; Cores"},"content":{"rendered":"\n<p class=\"has-black-color has-text-color has-small-font-size\"><strong>DESCRI\u00c7\u00c3O COMPLETA<\/strong><\/p>\n\n\n\n<p class=\"has-small-font-size\">Lanterna led light em alum\u00ednio<br>Possui 9 leds que proporcionam um intenso feixe de luz.<br>Seu tamanho compacto facilita o transporte e deixa o manuseio muito mais pr\u00e1tico.<br>Produzido em alum\u00ednio, possui alta resist\u00eancia. <em>Utiliza 3 pilhas AAA (n\u00e3o inclusas).<\/em><\/p>\n","protected":false},"excerpt":{"rendered":"<p>DESCRI\u00c7\u00c3O COMPLETA Lanterna led light em alum\u00ednioPossui 9 leds que proporcionam um intenso feixe de luz.Seu tamanho compacto facilita o transporte e deixa o manuseio muito mais pr\u00e1tico.Produzido em alum\u00ednio, possui alta resist\u00eancia. Utiliza 3 pilhas AAA (n\u00e3o inclusas).<\/p>\n","protected":false},"featured_media":1026,"comment_status":"open","ping_status":"closed","template":"","meta":[],"product_brand":[],"product_cat":[21],"product_tag":[],"class_list":{"0":"post-707","1":"product","2":"type-product","3":"status-publish","4":"has-post-thumbnail","6":"product_cat-transporte-cargas-perigosas","8":"first","9":"instock","10":"shipping-taxable","11":"product-type-simple"},"_links":{"self":[{"href":"https:\/\/jotakaele.com.br\/index.php\/wp-json\/wp\/v2\/product\/707","targetHints":{"allow":["GET"]}}],"collection":[{"href":"https:\/\/jotakaele.com.br\/index.php\/wp-json\/wp\/v2\/product"}],"about":[{"href":"https:\/\/jotakaele.com.br\/index.php\/wp-json\/wp\/v2\/types\/product"}],"replies":[{"embeddable":true,"href":"https:\/\/jotakaele.com.br\/index.php\/wp-json\/wp\/v2\/comments?post=707"}],"wp:featuredmedia":[{"embeddable":true,"href":"https:\/\/jotakaele.com.br\/index.php\/wp-json\/wp\/v2\/media\/1026"}],"wp:attachment":[{"href":"https:\/\/jotakaele.com.br\/index.php\/wp-json\/wp\/v2\/media?parent=707"}],"wp:term":[{"taxonomy":"product_brand","embeddable":true,"href":"https:\/\/jotakaele.com.br\/index.php\/wp-json\/wp\/v2\/product_brand?post=707"},{"taxonomy":"product_cat","embeddable":true,"href":"https:\/\/jotakaele.com.br\/index.php\/wp-json\/wp\/v2\/product_cat?post=707"},{"taxonomy":"product_tag","embeddable":true,"href":"https:\/\/jotakaele.com.br\/index.php\/wp-json\/wp\/v2\/product_tag?post=707"}],"curies":[{"name":"wp","href":"https:\/\/api.w.org\/{rel}","templated":true}]}}