{"id":692,"date":"2023-09-20T15:00:27","date_gmt":"2023-09-20T18:00:27","guid":{"rendered":"https:\/\/jotakaele.com.br\/?post_type=product&#038;p=692"},"modified":"2023-09-28T14:36:10","modified_gmt":"2023-09-28T17:36:10","slug":"chave-de-fenda","status":"publish","type":"product","link":"https:\/\/jotakaele.com.br\/index.php\/produto\/chave-de-fenda\/","title":{"rendered":"Chave de Fenda"},"content":{"rendered":"\n<p class=\"has-black-color has-text-color has-small-font-size\"><strong>DESCRI\u00c7\u00c3O COMPLETA<\/strong><\/p>\n\n\n\n<p class=\"has-small-font-size\">Haste com acabamento niquelado que proporciona maior prote\u00e7\u00e3o contra oxida\u00e7\u00e3o\/corros\u00e3o. Possui ponta magnetizada que facilita tanto a coloca\u00e7\u00e3o quanto a retirada de parafusos em locais de dif\u00edcil acesso. Conta ainda com cabo anat\u00f4mico que proporciona maior conforto ao operador.<\/p>\n","protected":false},"excerpt":{"rendered":"<p>DESCRI\u00c7\u00c3O COMPLETA Haste com acabamento niquelado que proporciona maior prote\u00e7\u00e3o contra oxida\u00e7\u00e3o\/corros\u00e3o. Possui ponta magnetizada que facilita tanto a coloca\u00e7\u00e3o quanto a retirada de parafusos em locais de dif\u00edcil acesso. Conta ainda com cabo anat\u00f4mico que proporciona maior conforto ao operador.<\/p>\n","protected":false},"featured_media":1009,"comment_status":"open","ping_status":"closed","template":"","meta":[],"product_brand":[],"product_cat":[21],"product_tag":[],"class_list":{"0":"post-692","1":"product","2":"type-product","3":"status-publish","4":"has-post-thumbnail","6":"product_cat-transporte-cargas-perigosas","8":"first","9":"instock","10":"shipping-taxable","11":"product-type-simple"},"_links":{"self":[{"href":"https:\/\/jotakaele.com.br\/index.php\/wp-json\/wp\/v2\/product\/692","targetHints":{"allow":["GET"]}}],"collection":[{"href":"https:\/\/jotakaele.com.br\/index.php\/wp-json\/wp\/v2\/product"}],"about":[{"href":"https:\/\/jotakaele.com.br\/index.php\/wp-json\/wp\/v2\/types\/product"}],"replies":[{"embeddable":true,"href":"https:\/\/jotakaele.com.br\/index.php\/wp-json\/wp\/v2\/comments?post=692"}],"wp:featuredmedia":[{"embeddable":true,"href":"https:\/\/jotakaele.com.br\/index.php\/wp-json\/wp\/v2\/media\/1009"}],"wp:attachment":[{"href":"https:\/\/jotakaele.com.br\/index.php\/wp-json\/wp\/v2\/media?parent=692"}],"wp:term":[{"taxonomy":"product_brand","embeddable":true,"href":"https:\/\/jotakaele.com.br\/index.php\/wp-json\/wp\/v2\/product_brand?post=692"},{"taxonomy":"product_cat","embeddable":true,"href":"https:\/\/jotakaele.com.br\/index.php\/wp-json\/wp\/v2\/product_cat?post=692"},{"taxonomy":"product_tag","embeddable":true,"href":"https:\/\/jotakaele.com.br\/index.php\/wp-json\/wp\/v2\/product_tag?post=692"}],"curies":[{"name":"wp","href":"https:\/\/api.w.org\/{rel}","templated":true}]}}