{"id":690,"date":"2023-09-20T14:58:04","date_gmt":"2023-09-20T17:58:04","guid":{"rendered":"https:\/\/jotakaele.com.br\/?post_type=product&#038;p=690"},"modified":"2023-09-28T15:13:04","modified_gmt":"2023-09-28T18:13:04","slug":"chave-de-boca","status":"publish","type":"product","link":"https:\/\/jotakaele.com.br\/index.php\/produto\/chave-de-boca\/","title":{"rendered":"Chave de Boca"},"content":{"rendered":"\n<p class=\"has-small-font-size\">DESCRI\u00c7\u00c3O COMPLETA<\/p>\n\n\n\n<p class=\"has-small-font-size\">A Chave de Boca em a\u00e7o de carbono, \u00e9 indicada para apertar e soltar porcas e parafusos sextavados.<\/p>\n","protected":false},"excerpt":{"rendered":"<p>DESCRI\u00c7\u00c3O COMPLETA A Chave de Boca em a\u00e7o de carbono, \u00e9 indicada para apertar e soltar porcas e parafusos sextavados.<\/p>\n","protected":false},"featured_media":1008,"comment_status":"open","ping_status":"closed","template":"","meta":[],"product_brand":[],"product_cat":[21],"product_tag":[],"class_list":{"0":"post-690","1":"product","2":"type-product","3":"status-publish","4":"has-post-thumbnail","6":"product_cat-transporte-cargas-perigosas","8":"first","9":"instock","10":"shipping-taxable","11":"product-type-simple"},"_links":{"self":[{"href":"https:\/\/jotakaele.com.br\/index.php\/wp-json\/wp\/v2\/product\/690","targetHints":{"allow":["GET"]}}],"collection":[{"href":"https:\/\/jotakaele.com.br\/index.php\/wp-json\/wp\/v2\/product"}],"about":[{"href":"https:\/\/jotakaele.com.br\/index.php\/wp-json\/wp\/v2\/types\/product"}],"replies":[{"embeddable":true,"href":"https:\/\/jotakaele.com.br\/index.php\/wp-json\/wp\/v2\/comments?post=690"}],"wp:featuredmedia":[{"embeddable":true,"href":"https:\/\/jotakaele.com.br\/index.php\/wp-json\/wp\/v2\/media\/1008"}],"wp:attachment":[{"href":"https:\/\/jotakaele.com.br\/index.php\/wp-json\/wp\/v2\/media?parent=690"}],"wp:term":[{"taxonomy":"product_brand","embeddable":true,"href":"https:\/\/jotakaele.com.br\/index.php\/wp-json\/wp\/v2\/product_brand?post=690"},{"taxonomy":"product_cat","embeddable":true,"href":"https:\/\/jotakaele.com.br\/index.php\/wp-json\/wp\/v2\/product_cat?post=690"},{"taxonomy":"product_tag","embeddable":true,"href":"https:\/\/jotakaele.com.br\/index.php\/wp-json\/wp\/v2\/product_tag?post=690"}],"curies":[{"name":"wp","href":"https:\/\/api.w.org\/{rel}","templated":true}]}}