{"id":686,"date":"2023-09-20T14:51:56","date_gmt":"2023-09-20T17:51:56","guid":{"rendered":"https:\/\/jotakaele.com.br\/?post_type=product&#038;p=686"},"modified":"2023-09-28T14:41:00","modified_gmt":"2023-09-28T17:41:00","slug":"ponteiras","status":"publish","type":"product","link":"https:\/\/jotakaele.com.br\/index.php\/produto\/ponteiras\/","title":{"rendered":"Ponteira Para Caminh\u00e3o"},"content":{"rendered":"\n<p class=\"has-black-color has-text-color has-small-font-size\"><strong>DESCRI\u00c7\u00c3O COMPLETA<\/strong><\/p>\n\n\n\n<p class=\"has-small-font-size\">As<strong> <\/strong>ponteiras s\u00e3o engates de\u00a0acoplamento r\u00e1pido utilizado para a uni\u00e3o de mangueiras para a passagem de combust\u00edveis com alum\u00ednio.<\/p>\n\n\n\n<p class=\"has-small-font-size\">Medidas (Consultar estoque dispon\u00edvel)<\/p>\n\n\n\n<ul class=\"wp-block-list\">\n<li class=\"has-small-font-size\">2\u201dx2\u201d<\/li>\n\n\n\n<li class=\"has-small-font-size\">3\u201dx2\u201d<\/li>\n\n\n\n<li class=\"has-small-font-size\">3\u201dx2.1\u201d<\/li>\n\n\n\n<li class=\"has-small-font-size\">4\u201dx2\u201d<\/li>\n\n\n\n<li class=\"has-small-font-size\">4\u201dx2.1\u201d<\/li>\n\n\n\n<li class=\"has-small-font-size\">4\u201dx3\u201d<\/li>\n\n\n\n<li class=\"has-small-font-size\">4\u201dx4\u201d<\/li>\n<\/ul>\n","protected":false},"excerpt":{"rendered":"<p>DESCRI\u00c7\u00c3O COMPLETA As ponteiras s\u00e3o engates de\u00a0acoplamento r\u00e1pido utilizado para a uni\u00e3o de mangueiras para a passagem de combust\u00edveis com alum\u00ednio. Medidas (Consultar estoque dispon\u00edvel)<\/p>\n","protected":false},"featured_media":1006,"comment_status":"open","ping_status":"closed","template":"","meta":[],"product_brand":[],"product_cat":[21],"product_tag":[],"class_list":{"0":"post-686","1":"product","2":"type-product","3":"status-publish","4":"has-post-thumbnail","6":"product_cat-transporte-cargas-perigosas","8":"first","9":"instock","10":"shipping-taxable","11":"product-type-simple"},"_links":{"self":[{"href":"https:\/\/jotakaele.com.br\/index.php\/wp-json\/wp\/v2\/product\/686","targetHints":{"allow":["GET"]}}],"collection":[{"href":"https:\/\/jotakaele.com.br\/index.php\/wp-json\/wp\/v2\/product"}],"about":[{"href":"https:\/\/jotakaele.com.br\/index.php\/wp-json\/wp\/v2\/types\/product"}],"replies":[{"embeddable":true,"href":"https:\/\/jotakaele.com.br\/index.php\/wp-json\/wp\/v2\/comments?post=686"}],"wp:featuredmedia":[{"embeddable":true,"href":"https:\/\/jotakaele.com.br\/index.php\/wp-json\/wp\/v2\/media\/1006"}],"wp:attachment":[{"href":"https:\/\/jotakaele.com.br\/index.php\/wp-json\/wp\/v2\/media?parent=686"}],"wp:term":[{"taxonomy":"product_brand","embeddable":true,"href":"https:\/\/jotakaele.com.br\/index.php\/wp-json\/wp\/v2\/product_brand?post=686"},{"taxonomy":"product_cat","embeddable":true,"href":"https:\/\/jotakaele.com.br\/index.php\/wp-json\/wp\/v2\/product_cat?post=686"},{"taxonomy":"product_tag","embeddable":true,"href":"https:\/\/jotakaele.com.br\/index.php\/wp-json\/wp\/v2\/product_tag?post=686"}],"curies":[{"name":"wp","href":"https:\/\/api.w.org\/{rel}","templated":true}]}}