{"id":684,"date":"2023-09-20T14:50:41","date_gmt":"2023-09-20T17:50:41","guid":{"rendered":"https:\/\/jotakaele.com.br\/?post_type=product&#038;p=684"},"modified":"2023-09-28T14:41:19","modified_gmt":"2023-09-28T17:41:19","slug":"abafa-chamas","status":"publish","type":"product","link":"https:\/\/jotakaele.com.br\/index.php\/produto\/abafa-chamas\/","title":{"rendered":"Abafa Chamas"},"content":{"rendered":"\n<p class=\"has-black-color has-text-color has-small-font-size\"><strong>DESCRI\u00c7\u00c3O COMPLETA<\/strong><\/p>\n\n\n\n<p class=\"has-small-font-size\">O Abafador evita que as pequenas chamas expelidas pelos escapamentos dos ve\u00edculos entrem em<br>contato com o ar em locais onde existe concentra\u00e7\u00e3o de gases explosivos, evitando\u00a0assim\u00a0inc\u00eandios e explos\u00f5es.<\/p>\n","protected":false},"excerpt":{"rendered":"<p>DESCRI\u00c7\u00c3O COMPLETA O Abafador evita que as pequenas chamas expelidas pelos escapamentos dos ve\u00edculos entrem emcontato com o ar em locais onde existe concentra\u00e7\u00e3o de gases explosivos, evitando\u00a0assim\u00a0inc\u00eandios e explos\u00f5es.<\/p>\n","protected":false},"featured_media":1005,"comment_status":"open","ping_status":"closed","template":"","meta":[],"product_brand":[],"product_cat":[21],"product_tag":[],"class_list":{"0":"post-684","1":"product","2":"type-product","3":"status-publish","4":"has-post-thumbnail","6":"product_cat-transporte-cargas-perigosas","8":"first","9":"instock","10":"shipping-taxable","11":"product-type-simple"},"_links":{"self":[{"href":"https:\/\/jotakaele.com.br\/index.php\/wp-json\/wp\/v2\/product\/684","targetHints":{"allow":["GET"]}}],"collection":[{"href":"https:\/\/jotakaele.com.br\/index.php\/wp-json\/wp\/v2\/product"}],"about":[{"href":"https:\/\/jotakaele.com.br\/index.php\/wp-json\/wp\/v2\/types\/product"}],"replies":[{"embeddable":true,"href":"https:\/\/jotakaele.com.br\/index.php\/wp-json\/wp\/v2\/comments?post=684"}],"wp:featuredmedia":[{"embeddable":true,"href":"https:\/\/jotakaele.com.br\/index.php\/wp-json\/wp\/v2\/media\/1005"}],"wp:attachment":[{"href":"https:\/\/jotakaele.com.br\/index.php\/wp-json\/wp\/v2\/media?parent=684"}],"wp:term":[{"taxonomy":"product_brand","embeddable":true,"href":"https:\/\/jotakaele.com.br\/index.php\/wp-json\/wp\/v2\/product_brand?post=684"},{"taxonomy":"product_cat","embeddable":true,"href":"https:\/\/jotakaele.com.br\/index.php\/wp-json\/wp\/v2\/product_cat?post=684"},{"taxonomy":"product_tag","embeddable":true,"href":"https:\/\/jotakaele.com.br\/index.php\/wp-json\/wp\/v2\/product_tag?post=684"}],"curies":[{"name":"wp","href":"https:\/\/api.w.org\/{rel}","templated":true}]}}