{"id":681,"date":"2023-09-20T14:45:09","date_gmt":"2023-09-20T17:45:09","guid":{"rendered":"https:\/\/jotakaele.com.br\/?post_type=product&#038;p=681"},"modified":"2023-09-28T14:43:25","modified_gmt":"2023-09-28T17:43:25","slug":"funil-em-aluminio","status":"publish","type":"product","link":"https:\/\/jotakaele.com.br\/index.php\/produto\/funil-em-aluminio\/","title":{"rendered":"Funil em Alum\u00ednio"},"content":{"rendered":"\n<p class=\"has-black-color has-text-color has-small-font-size\"><strong>DESCRI\u00c7\u00c3O COMPLETA<\/strong><\/p>\n\n\n\n<p class=\"has-small-font-size\">Funil de alum\u00ednio produzido em material de alta qualidade. Sua caracteristica diminui a possibilidade de contamina\u00e7\u00e3o dos materiais.<span style=\"font-family: arial, helvetica, sans-serif;margin: 0px;padding: 0px;font-size: 16px\"><span style=\"font-family: inherit;margin: 0px;padding: 0px;font-size: 14px;color: inherit !important\"><span style=\"font-family: inherit;margin: 0px;padding: 0px;background-image: initial;background-position: initial;background-size: initial;background-attachment: initial;font-size: 16px !important\"> <\/span><\/span><\/span>Equipamento de f\u00e1cil lavagem e manuten\u00e7\u00e3o.<\/p>\n","protected":false},"excerpt":{"rendered":"<p>DESCRI\u00c7\u00c3O COMPLETA Funil de alum\u00ednio produzido em material de alta qualidade. Sua caracteristica diminui a possibilidade de contamina\u00e7\u00e3o dos materiais. Equipamento de f\u00e1cil lavagem e manuten\u00e7\u00e3o.<\/p>\n","protected":false},"featured_media":1004,"comment_status":"open","ping_status":"closed","template":"","meta":[],"product_brand":[],"product_cat":[21],"product_tag":[],"class_list":{"0":"post-681","1":"product","2":"type-product","3":"status-publish","4":"has-post-thumbnail","6":"product_cat-transporte-cargas-perigosas","8":"first","9":"instock","10":"shipping-taxable","11":"product-type-simple"},"_links":{"self":[{"href":"https:\/\/jotakaele.com.br\/index.php\/wp-json\/wp\/v2\/product\/681","targetHints":{"allow":["GET"]}}],"collection":[{"href":"https:\/\/jotakaele.com.br\/index.php\/wp-json\/wp\/v2\/product"}],"about":[{"href":"https:\/\/jotakaele.com.br\/index.php\/wp-json\/wp\/v2\/types\/product"}],"replies":[{"embeddable":true,"href":"https:\/\/jotakaele.com.br\/index.php\/wp-json\/wp\/v2\/comments?post=681"}],"wp:featuredmedia":[{"embeddable":true,"href":"https:\/\/jotakaele.com.br\/index.php\/wp-json\/wp\/v2\/media\/1004"}],"wp:attachment":[{"href":"https:\/\/jotakaele.com.br\/index.php\/wp-json\/wp\/v2\/media?parent=681"}],"wp:term":[{"taxonomy":"product_brand","embeddable":true,"href":"https:\/\/jotakaele.com.br\/index.php\/wp-json\/wp\/v2\/product_brand?post=681"},{"taxonomy":"product_cat","embeddable":true,"href":"https:\/\/jotakaele.com.br\/index.php\/wp-json\/wp\/v2\/product_cat?post=681"},{"taxonomy":"product_tag","embeddable":true,"href":"https:\/\/jotakaele.com.br\/index.php\/wp-json\/wp\/v2\/product_tag?post=681"}],"curies":[{"name":"wp","href":"https:\/\/api.w.org\/{rel}","templated":true}]}}