{"id":659,"date":"2023-09-20T14:16:26","date_gmt":"2023-09-20T17:16:26","guid":{"rendered":"https:\/\/jotakaele.com.br\/?post_type=product&#038;p=659"},"modified":"2023-09-28T14:47:43","modified_gmt":"2023-09-28T17:47:43","slug":"pa-antifaisca","status":"publish","type":"product","link":"https:\/\/jotakaele.com.br\/index.php\/produto\/pa-antifaisca\/","title":{"rendered":"P\u00e1 Antifaiscante"},"content":{"rendered":"\n<p class=\"has-black-color has-text-color has-small-font-size\"><strong>DESCRI\u00c7\u00c3O COMPLETA<\/strong><\/p>\n\n\n\n<p class=\"has-small-font-size\">\u00a0<br>Produto composto de l\u00e2mina de polipropileno na cor preta, com a seguinte dimens\u00e3o:<br>230 mm de largura e 230 mm de altura por um cabo de madeira\u00a0dispon\u00edvel nos seguintes comprimentos: 0,50 m, 1,00 m e 1,5 m e di\u00e2metro de 35 mm.<br>O fixado da l\u00e2mina por meio de dois rebites de alum\u00ednio<\/p>\n","protected":false},"excerpt":{"rendered":"<p>DESCRI\u00c7\u00c3O COMPLETA \u00a0Produto composto de l\u00e2mina de polipropileno na cor preta, com a seguinte dimens\u00e3o:230 mm de largura e 230 mm de altura por um cabo de madeira\u00a0dispon\u00edvel nos seguintes comprimentos: 0,50 m, 1,00 m e 1,5 m e di\u00e2metro de 35 mm.O fixado da l\u00e2mina por meio de dois rebites de alum\u00ednio<\/p>\n","protected":false},"featured_media":994,"comment_status":"open","ping_status":"closed","template":"","meta":[],"product_brand":[],"product_cat":[21],"product_tag":[],"class_list":{"0":"post-659","1":"product","2":"type-product","3":"status-publish","4":"has-post-thumbnail","6":"product_cat-transporte-cargas-perigosas","8":"first","9":"instock","10":"shipping-taxable","11":"product-type-simple"},"_links":{"self":[{"href":"https:\/\/jotakaele.com.br\/index.php\/wp-json\/wp\/v2\/product\/659","targetHints":{"allow":["GET"]}}],"collection":[{"href":"https:\/\/jotakaele.com.br\/index.php\/wp-json\/wp\/v2\/product"}],"about":[{"href":"https:\/\/jotakaele.com.br\/index.php\/wp-json\/wp\/v2\/types\/product"}],"replies":[{"embeddable":true,"href":"https:\/\/jotakaele.com.br\/index.php\/wp-json\/wp\/v2\/comments?post=659"}],"wp:featuredmedia":[{"embeddable":true,"href":"https:\/\/jotakaele.com.br\/index.php\/wp-json\/wp\/v2\/media\/994"}],"wp:attachment":[{"href":"https:\/\/jotakaele.com.br\/index.php\/wp-json\/wp\/v2\/media?parent=659"}],"wp:term":[{"taxonomy":"product_brand","embeddable":true,"href":"https:\/\/jotakaele.com.br\/index.php\/wp-json\/wp\/v2\/product_brand?post=659"},{"taxonomy":"product_cat","embeddable":true,"href":"https:\/\/jotakaele.com.br\/index.php\/wp-json\/wp\/v2\/product_cat?post=659"},{"taxonomy":"product_tag","embeddable":true,"href":"https:\/\/jotakaele.com.br\/index.php\/wp-json\/wp\/v2\/product_tag?post=659"}],"curies":[{"name":"wp","href":"https:\/\/api.w.org\/{rel}","templated":true}]}}