{"id":657,"date":"2023-09-20T14:15:35","date_gmt":"2023-09-20T17:15:35","guid":{"rendered":"https:\/\/jotakaele.com.br\/?post_type=product&#038;p=657"},"modified":"2023-09-28T14:48:07","modified_gmt":"2023-09-28T17:48:07","slug":"enxada-antifaisca","status":"publish","type":"product","link":"https:\/\/jotakaele.com.br\/index.php\/produto\/enxada-antifaisca\/","title":{"rendered":"Enxada Antifaiscante"},"content":{"rendered":"\n<p class=\"has-black-color has-text-color has-small-font-size\"><strong>DESCRI\u00c7\u00c3O COMPLETA<\/strong><\/p>\n\n\n\n<p class=\"has-small-font-size\">Produto composto de l\u00e2mina em Polipropileno na cor preta, com a seguinte dimens\u00e3o:<br>270 mm de largura e 175 mm de altura, por um cabo de madeira dispon\u00edvel nos seguintes comprimentos: 0,50m, 1,00m e 1,50m e di\u00e2metro de 5mm.<br>O cabo \u00e9 fixado a l\u00e2mina por meio de dois rebites de alum\u00ednio.<\/p>\n","protected":false},"excerpt":{"rendered":"<p>DESCRI\u00c7\u00c3O COMPLETA Produto composto de l\u00e2mina em Polipropileno na cor preta, com a seguinte dimens\u00e3o:270 mm de largura e 175 mm de altura, por um cabo de madeira dispon\u00edvel nos seguintes comprimentos: 0,50m, 1,00m e 1,50m e di\u00e2metro de 5mm.O cabo \u00e9 fixado a l\u00e2mina por meio de dois rebites de alum\u00ednio.<\/p>\n","protected":false},"featured_media":993,"comment_status":"open","ping_status":"closed","template":"","meta":[],"product_brand":[],"product_cat":[21],"product_tag":[],"class_list":{"0":"post-657","1":"product","2":"type-product","3":"status-publish","4":"has-post-thumbnail","6":"product_cat-transporte-cargas-perigosas","8":"first","9":"instock","10":"shipping-taxable","11":"product-type-simple"},"_links":{"self":[{"href":"https:\/\/jotakaele.com.br\/index.php\/wp-json\/wp\/v2\/product\/657","targetHints":{"allow":["GET"]}}],"collection":[{"href":"https:\/\/jotakaele.com.br\/index.php\/wp-json\/wp\/v2\/product"}],"about":[{"href":"https:\/\/jotakaele.com.br\/index.php\/wp-json\/wp\/v2\/types\/product"}],"replies":[{"embeddable":true,"href":"https:\/\/jotakaele.com.br\/index.php\/wp-json\/wp\/v2\/comments?post=657"}],"wp:featuredmedia":[{"embeddable":true,"href":"https:\/\/jotakaele.com.br\/index.php\/wp-json\/wp\/v2\/media\/993"}],"wp:attachment":[{"href":"https:\/\/jotakaele.com.br\/index.php\/wp-json\/wp\/v2\/media?parent=657"}],"wp:term":[{"taxonomy":"product_brand","embeddable":true,"href":"https:\/\/jotakaele.com.br\/index.php\/wp-json\/wp\/v2\/product_brand?post=657"},{"taxonomy":"product_cat","embeddable":true,"href":"https:\/\/jotakaele.com.br\/index.php\/wp-json\/wp\/v2\/product_cat?post=657"},{"taxonomy":"product_tag","embeddable":true,"href":"https:\/\/jotakaele.com.br\/index.php\/wp-json\/wp\/v2\/product_tag?post=657"}],"curies":[{"name":"wp","href":"https:\/\/api.w.org\/{rel}","templated":true}]}}