{"id":654,"date":"2023-09-20T14:10:50","date_gmt":"2023-09-20T17:10:50","guid":{"rendered":"https:\/\/jotakaele.com.br\/?post_type=product&#038;p=654"},"modified":"2023-09-28T14:48:48","modified_gmt":"2023-09-28T17:48:48","slug":"martelo-e-batoque","status":"publish","type":"product","link":"https:\/\/jotakaele.com.br\/index.php\/produto\/martelo-e-batoque\/","title":{"rendered":"Martelo e Batoque de Madeira"},"content":{"rendered":"\n<p class=\"has-black-color has-text-color has-small-font-size\"><strong>DESCRI\u00c7\u00c3O COMPLETA<\/strong><\/p>\n\n\n\n<p class=\"has-small-font-size\">Indicado para a interrup\u00e7\u00e3o no vazamento de subst\u00e2ncias perigosas, em geral e reservat\u00f3rios onde haja risco de explos\u00e3o. Oferece total seguran\u00e7a, pois n\u00e3o solta centelha ou fa\u00edsca.<\/p>\n","protected":false},"excerpt":{"rendered":"<p>DESCRI\u00c7\u00c3O COMPLETA Indicado para a interrup\u00e7\u00e3o no vazamento de subst\u00e2ncias perigosas, em geral e reservat\u00f3rios onde haja risco de explos\u00e3o. Oferece total seguran\u00e7a, pois n\u00e3o solta centelha ou fa\u00edsca.<\/p>\n","protected":false},"featured_media":992,"comment_status":"open","ping_status":"closed","template":"","meta":[],"product_brand":[],"product_cat":[21],"product_tag":[],"class_list":{"0":"post-654","1":"product","2":"type-product","3":"status-publish","4":"has-post-thumbnail","6":"product_cat-transporte-cargas-perigosas","8":"first","9":"instock","10":"shipping-taxable","11":"product-type-simple"},"_links":{"self":[{"href":"https:\/\/jotakaele.com.br\/index.php\/wp-json\/wp\/v2\/product\/654","targetHints":{"allow":["GET"]}}],"collection":[{"href":"https:\/\/jotakaele.com.br\/index.php\/wp-json\/wp\/v2\/product"}],"about":[{"href":"https:\/\/jotakaele.com.br\/index.php\/wp-json\/wp\/v2\/types\/product"}],"replies":[{"embeddable":true,"href":"https:\/\/jotakaele.com.br\/index.php\/wp-json\/wp\/v2\/comments?post=654"}],"wp:featuredmedia":[{"embeddable":true,"href":"https:\/\/jotakaele.com.br\/index.php\/wp-json\/wp\/v2\/media\/992"}],"wp:attachment":[{"href":"https:\/\/jotakaele.com.br\/index.php\/wp-json\/wp\/v2\/media?parent=654"}],"wp:term":[{"taxonomy":"product_brand","embeddable":true,"href":"https:\/\/jotakaele.com.br\/index.php\/wp-json\/wp\/v2\/product_brand?post=654"},{"taxonomy":"product_cat","embeddable":true,"href":"https:\/\/jotakaele.com.br\/index.php\/wp-json\/wp\/v2\/product_cat?post=654"},{"taxonomy":"product_tag","embeddable":true,"href":"https:\/\/jotakaele.com.br\/index.php\/wp-json\/wp\/v2\/product_tag?post=654"}],"curies":[{"name":"wp","href":"https:\/\/api.w.org\/{rel}","templated":true}]}}