{"id":631,"date":"2023-09-20T13:14:41","date_gmt":"2023-09-20T16:14:41","guid":{"rendered":"https:\/\/jotakaele.com.br\/?post_type=product&#038;p=631"},"modified":"2023-09-29T14:15:26","modified_gmt":"2023-09-29T17:15:26","slug":"gasolina-a-33-3475","status":"publish","type":"product","link":"https:\/\/jotakaele.com.br\/index.php\/produto\/gasolina-a-33-3475\/","title":{"rendered":"Placa Numerologia ONU 33-3475"},"content":{"rendered":"\n<p class=\"has-black-color has-text-color has-small-font-size\"><strong>DESCRI\u00c7\u00c3O COMPLETA<\/strong><\/p>\n\n\n\n<p><\/p>\n\n\n\n<p class=\"has-small-font-size\">\u00a0Placa de sinaliza\u00e7\u00e3o produzida em\u00a0PVC (Policloreto de vinila) 2mm ou 3mm para identifica\u00e7\u00e3o de ve\u00edculos transportador de cargas perigosas, tendo como objetivo alertar para os riscos existentes.<strong><br>\u00a0<\/strong><\/p>\n\n\n\n<p class=\"has-black-color has-text-color has-small-font-size\"><strong><br>33-3475 <strong>Gasolina A<\/strong><\/strong><\/p>\n","protected":false},"excerpt":{"rendered":"<p>DESCRI\u00c7\u00c3O COMPLETA \u00a0Placa de sinaliza\u00e7\u00e3o produzida em\u00a0PVC (Policloreto de vinila) 2mm ou 3mm para identifica\u00e7\u00e3o de ve\u00edculos transportador de cargas perigosas, tendo como objetivo alertar para os riscos existentes.\u00a0 33-3475 Gasolina A<\/p>\n","protected":false},"featured_media":1103,"comment_status":"open","ping_status":"closed","template":"","meta":[],"product_brand":[],"product_cat":[26],"product_tag":[],"class_list":{"0":"post-631","1":"product","2":"type-product","3":"status-publish","4":"has-post-thumbnail","6":"product_cat-paineis-de-seguranca","8":"first","9":"instock","10":"shipping-taxable","11":"product-type-simple"},"_links":{"self":[{"href":"https:\/\/jotakaele.com.br\/index.php\/wp-json\/wp\/v2\/product\/631","targetHints":{"allow":["GET"]}}],"collection":[{"href":"https:\/\/jotakaele.com.br\/index.php\/wp-json\/wp\/v2\/product"}],"about":[{"href":"https:\/\/jotakaele.com.br\/index.php\/wp-json\/wp\/v2\/types\/product"}],"replies":[{"embeddable":true,"href":"https:\/\/jotakaele.com.br\/index.php\/wp-json\/wp\/v2\/comments?post=631"}],"wp:featuredmedia":[{"embeddable":true,"href":"https:\/\/jotakaele.com.br\/index.php\/wp-json\/wp\/v2\/media\/1103"}],"wp:attachment":[{"href":"https:\/\/jotakaele.com.br\/index.php\/wp-json\/wp\/v2\/media?parent=631"}],"wp:term":[{"taxonomy":"product_brand","embeddable":true,"href":"https:\/\/jotakaele.com.br\/index.php\/wp-json\/wp\/v2\/product_brand?post=631"},{"taxonomy":"product_cat","embeddable":true,"href":"https:\/\/jotakaele.com.br\/index.php\/wp-json\/wp\/v2\/product_cat?post=631"},{"taxonomy":"product_tag","embeddable":true,"href":"https:\/\/jotakaele.com.br\/index.php\/wp-json\/wp\/v2\/product_tag?post=631"}],"curies":[{"name":"wp","href":"https:\/\/api.w.org\/{rel}","templated":true}]}}