{"id":598,"date":"2023-09-19T17:37:19","date_gmt":"2023-09-19T20:37:19","guid":{"rendered":"https:\/\/jotakaele.com.br\/?post_type=product&#038;p=598"},"modified":"2023-09-29T14:16:06","modified_gmt":"2023-09-29T17:16:06","slug":"oleo-diesel-30-1202","status":"publish","type":"product","link":"https:\/\/jotakaele.com.br\/index.php\/produto\/oleo-diesel-30-1202\/","title":{"rendered":"Placa Numerologia ONU 30-1202"},"content":{"rendered":"\n<p class=\"has-black-color has-text-color has-small-font-size\"><strong>DESCRI\u00c7\u00c3O COMPLETA<\/strong><\/p>\n\n\n\n<p><\/p>\n\n\n\n<p class=\"has-small-font-size\">Placa de sinaliza\u00e7\u00e3o produzida em\u00a0PVC (Policloreto de vinila) 2mm ou 3mm para identifica\u00e7\u00e3o de ve\u00edculos transportador de cargas perigosas, tendo como objetivo alertar para os riscos existentes.<br><\/p>\n\n\n\n<p class=\"has-black-color has-text-color has-small-font-size\"><em><strong><br>30-1202 \u00d3leo Diesel.<\/strong><\/em><\/p>\n","protected":false},"excerpt":{"rendered":"<p>DESCRI\u00c7\u00c3O COMPLETA Placa de sinaliza\u00e7\u00e3o produzida em\u00a0PVC (Policloreto de vinila) 2mm ou 3mm para identifica\u00e7\u00e3o de ve\u00edculos transportador de cargas perigosas, tendo como objetivo alertar para os riscos existentes. 30-1202 \u00d3leo Diesel.<\/p>\n","protected":false},"featured_media":1104,"comment_status":"open","ping_status":"closed","template":"","meta":[],"product_brand":[],"product_cat":[26],"product_tag":[],"class_list":{"0":"post-598","1":"product","2":"type-product","3":"status-publish","4":"has-post-thumbnail","6":"product_cat-paineis-de-seguranca","8":"first","9":"instock","10":"shipping-taxable","11":"product-type-simple"},"_links":{"self":[{"href":"https:\/\/jotakaele.com.br\/index.php\/wp-json\/wp\/v2\/product\/598","targetHints":{"allow":["GET"]}}],"collection":[{"href":"https:\/\/jotakaele.com.br\/index.php\/wp-json\/wp\/v2\/product"}],"about":[{"href":"https:\/\/jotakaele.com.br\/index.php\/wp-json\/wp\/v2\/types\/product"}],"replies":[{"embeddable":true,"href":"https:\/\/jotakaele.com.br\/index.php\/wp-json\/wp\/v2\/comments?post=598"}],"wp:featuredmedia":[{"embeddable":true,"href":"https:\/\/jotakaele.com.br\/index.php\/wp-json\/wp\/v2\/media\/1104"}],"wp:attachment":[{"href":"https:\/\/jotakaele.com.br\/index.php\/wp-json\/wp\/v2\/media?parent=598"}],"wp:term":[{"taxonomy":"product_brand","embeddable":true,"href":"https:\/\/jotakaele.com.br\/index.php\/wp-json\/wp\/v2\/product_brand?post=598"},{"taxonomy":"product_cat","embeddable":true,"href":"https:\/\/jotakaele.com.br\/index.php\/wp-json\/wp\/v2\/product_cat?post=598"},{"taxonomy":"product_tag","embeddable":true,"href":"https:\/\/jotakaele.com.br\/index.php\/wp-json\/wp\/v2\/product_tag?post=598"}],"curies":[{"name":"wp","href":"https:\/\/api.w.org\/{rel}","templated":true}]}}