{"id":592,"date":"2023-09-19T17:33:31","date_gmt":"2023-09-19T20:33:31","guid":{"rendered":"https:\/\/jotakaele.com.br\/?post_type=product&#038;p=592"},"modified":"2023-10-03T17:41:23","modified_gmt":"2023-10-03T20:41:23","slug":"solido-inflamavel","status":"publish","type":"product","link":"https:\/\/jotakaele.com.br\/index.php\/produto\/solido-inflamavel\/","title":{"rendered":"Placa Simbologia ONU &#8211; S\u00f3lido Inflam\u00e1vel"},"content":{"rendered":"\n<p class=\"has-black-color has-text-color has-small-font-size\"><strong>DESCRI\u00c7\u00c3O COMPLETA<\/strong><\/p>\n\n\n\n<p class=\"has-small-font-size\">Sinaliza\u00e7\u00e3o para identifica\u00e7\u00e3o dos riscos e cuidados para o transporte e armazenamento de produtos perigosos.<br>\u00a0<br><strong>S\u00f3lido Inflam\u00e1vel.<\/strong><\/p>\n","protected":false},"excerpt":{"rendered":"<p>DESCRI\u00c7\u00c3O COMPLETA Sinaliza\u00e7\u00e3o para identifica\u00e7\u00e3o dos riscos e cuidados para o transporte e armazenamento de produtos perigosos.\u00a0S\u00f3lido Inflam\u00e1vel.<\/p>\n","protected":false},"featured_media":1114,"comment_status":"open","ping_status":"closed","template":"","meta":[],"product_brand":[],"product_cat":[29],"product_tag":[],"class_list":{"0":"post-592","1":"product","2":"type-product","3":"status-publish","4":"has-post-thumbnail","6":"product_cat-rotulos-de-risco","8":"first","9":"instock","10":"shipping-taxable","11":"product-type-simple"},"_links":{"self":[{"href":"https:\/\/jotakaele.com.br\/index.php\/wp-json\/wp\/v2\/product\/592","targetHints":{"allow":["GET"]}}],"collection":[{"href":"https:\/\/jotakaele.com.br\/index.php\/wp-json\/wp\/v2\/product"}],"about":[{"href":"https:\/\/jotakaele.com.br\/index.php\/wp-json\/wp\/v2\/types\/product"}],"replies":[{"embeddable":true,"href":"https:\/\/jotakaele.com.br\/index.php\/wp-json\/wp\/v2\/comments?post=592"}],"wp:featuredmedia":[{"embeddable":true,"href":"https:\/\/jotakaele.com.br\/index.php\/wp-json\/wp\/v2\/media\/1114"}],"wp:attachment":[{"href":"https:\/\/jotakaele.com.br\/index.php\/wp-json\/wp\/v2\/media?parent=592"}],"wp:term":[{"taxonomy":"product_brand","embeddable":true,"href":"https:\/\/jotakaele.com.br\/index.php\/wp-json\/wp\/v2\/product_brand?post=592"},{"taxonomy":"product_cat","embeddable":true,"href":"https:\/\/jotakaele.com.br\/index.php\/wp-json\/wp\/v2\/product_cat?post=592"},{"taxonomy":"product_tag","embeddable":true,"href":"https:\/\/jotakaele.com.br\/index.php\/wp-json\/wp\/v2\/product_tag?post=592"}],"curies":[{"name":"wp","href":"https:\/\/api.w.org\/{rel}","templated":true}]}}