{"id":580,"date":"2023-09-19T17:25:54","date_gmt":"2023-09-19T20:25:54","guid":{"rendered":"https:\/\/jotakaele.com.br\/?post_type=product&#038;p=580"},"modified":"2023-10-03T17:41:54","modified_gmt":"2023-10-03T20:41:54","slug":"gas-inflamavel","status":"publish","type":"product","link":"https:\/\/jotakaele.com.br\/index.php\/produto\/gas-inflamavel\/","title":{"rendered":"Placa Simbologia ONU &#8211; G\u00e1s Inflam\u00e1vel"},"content":{"rendered":"\n<p class=\"has-black-color has-text-color has-small-font-size\"><strong>DESCRI\u00c7\u00c3O COMPLETA<\/strong><\/p>\n\n\n\n<p class=\"has-small-font-size\">\u00a0Sinaliza\u00e7\u00e3o para identifica\u00e7\u00e3o dos riscos e cuidados para o transporte e armazenamento de produtos perigosos.<br><br><strong>G\u00e1s inflam\u00e1vel.<\/strong><\/p>\n","protected":false},"excerpt":{"rendered":"<p>DESCRI\u00c7\u00c3O COMPLETA \u00a0Sinaliza\u00e7\u00e3o para identifica\u00e7\u00e3o dos riscos e cuidados para o transporte e armazenamento de produtos perigosos. G\u00e1s inflam\u00e1vel.<\/p>\n","protected":false},"featured_media":1109,"comment_status":"open","ping_status":"closed","template":"","meta":[],"product_brand":[],"product_cat":[29],"product_tag":[],"class_list":{"0":"post-580","1":"product","2":"type-product","3":"status-publish","4":"has-post-thumbnail","6":"product_cat-rotulos-de-risco","8":"first","9":"instock","10":"shipping-taxable","11":"product-type-simple"},"_links":{"self":[{"href":"https:\/\/jotakaele.com.br\/index.php\/wp-json\/wp\/v2\/product\/580","targetHints":{"allow":["GET"]}}],"collection":[{"href":"https:\/\/jotakaele.com.br\/index.php\/wp-json\/wp\/v2\/product"}],"about":[{"href":"https:\/\/jotakaele.com.br\/index.php\/wp-json\/wp\/v2\/types\/product"}],"replies":[{"embeddable":true,"href":"https:\/\/jotakaele.com.br\/index.php\/wp-json\/wp\/v2\/comments?post=580"}],"wp:featuredmedia":[{"embeddable":true,"href":"https:\/\/jotakaele.com.br\/index.php\/wp-json\/wp\/v2\/media\/1109"}],"wp:attachment":[{"href":"https:\/\/jotakaele.com.br\/index.php\/wp-json\/wp\/v2\/media?parent=580"}],"wp:term":[{"taxonomy":"product_brand","embeddable":true,"href":"https:\/\/jotakaele.com.br\/index.php\/wp-json\/wp\/v2\/product_brand?post=580"},{"taxonomy":"product_cat","embeddable":true,"href":"https:\/\/jotakaele.com.br\/index.php\/wp-json\/wp\/v2\/product_cat?post=580"},{"taxonomy":"product_tag","embeddable":true,"href":"https:\/\/jotakaele.com.br\/index.php\/wp-json\/wp\/v2\/product_tag?post=580"}],"curies":[{"name":"wp","href":"https:\/\/api.w.org\/{rel}","templated":true}]}}