{"id":571,"date":"2023-09-19T16:57:44","date_gmt":"2023-09-19T19:57:44","guid":{"rendered":"https:\/\/jotakaele.com.br\/?post_type=product&#038;p=571"},"modified":"2023-10-03T17:31:19","modified_gmt":"2023-10-03T20:31:19","slug":"fita-zebrada","status":"publish","type":"product","link":"https:\/\/jotakaele.com.br\/index.php\/produto\/fita-zebrada\/","title":{"rendered":"Fita Zebrada Amarela\/Preto"},"content":{"rendered":"\n<p class=\"has-black-color has-text-color has-small-font-size\"><strong>DESCRI\u00c7\u00c3O COMPLETA<\/strong><\/p>\n\n\n\n<p class=\"has-small-font-size\">A fita zebrada e utilizada para isolamento e seguran\u00e7a, \u00e9 ideal para demarca\u00e7\u00e3o e sinaliza\u00e7\u00e3o de \u00e1reas, isolando locais que apresentam risco, controlando acesso e tr\u00e1fego de pessoas.<\/p>\n","protected":false},"excerpt":{"rendered":"<p>DESCRI\u00c7\u00c3O COMPLETA A fita zebrada e utilizada para isolamento e seguran\u00e7a, \u00e9 ideal para demarca\u00e7\u00e3o e sinaliza\u00e7\u00e3o de \u00e1reas, isolando locais que apresentam risco, controlando acesso e tr\u00e1fego de pessoas.<\/p>\n","protected":false},"featured_media":976,"comment_status":"open","ping_status":"closed","template":"","meta":[],"product_brand":[],"product_cat":[23],"product_tag":[],"class_list":{"0":"post-571","1":"product","2":"type-product","3":"status-publish","4":"has-post-thumbnail","6":"product_cat-sinalizacao","8":"first","9":"instock","10":"shipping-taxable","11":"product-type-simple"},"_links":{"self":[{"href":"https:\/\/jotakaele.com.br\/index.php\/wp-json\/wp\/v2\/product\/571","targetHints":{"allow":["GET"]}}],"collection":[{"href":"https:\/\/jotakaele.com.br\/index.php\/wp-json\/wp\/v2\/product"}],"about":[{"href":"https:\/\/jotakaele.com.br\/index.php\/wp-json\/wp\/v2\/types\/product"}],"replies":[{"embeddable":true,"href":"https:\/\/jotakaele.com.br\/index.php\/wp-json\/wp\/v2\/comments?post=571"}],"wp:featuredmedia":[{"embeddable":true,"href":"https:\/\/jotakaele.com.br\/index.php\/wp-json\/wp\/v2\/media\/976"}],"wp:attachment":[{"href":"https:\/\/jotakaele.com.br\/index.php\/wp-json\/wp\/v2\/media?parent=571"}],"wp:term":[{"taxonomy":"product_brand","embeddable":true,"href":"https:\/\/jotakaele.com.br\/index.php\/wp-json\/wp\/v2\/product_brand?post=571"},{"taxonomy":"product_cat","embeddable":true,"href":"https:\/\/jotakaele.com.br\/index.php\/wp-json\/wp\/v2\/product_cat?post=571"},{"taxonomy":"product_tag","embeddable":true,"href":"https:\/\/jotakaele.com.br\/index.php\/wp-json\/wp\/v2\/product_tag?post=571"}],"curies":[{"name":"wp","href":"https:\/\/api.w.org\/{rel}","templated":true}]}}