{"id":569,"date":"2023-09-19T16:56:50","date_gmt":"2023-09-19T19:56:50","guid":{"rendered":"https:\/\/jotakaele.com.br\/?post_type=product&#038;p=569"},"modified":"2023-10-03T17:31:35","modified_gmt":"2023-10-03T20:31:35","slug":"corrente-de-sinalizacao","status":"publish","type":"product","link":"https:\/\/jotakaele.com.br\/index.php\/produto\/corrente-de-sinalizacao\/","title":{"rendered":"Corrente Pl\u00e1stica Zebrada Amarelo\/Preto"},"content":{"rendered":"\n<p class=\"has-black-color has-text-color has-small-font-size\"><strong>DESCRI\u00c7\u00c3O COMPLETA<\/strong><\/p>\n\n\n\n<p class=\"has-small-font-size\">Corrente para sinaliza\u00e7\u00e3o e seguran\u00e7a injetada em Polietileno de alta densidade (PEAD) na cor Amarelo e\u00a0Preto.<br>Elo de 60mm.<br>Cor Amarelo e Preto<\/p>\n","protected":false},"excerpt":{"rendered":"<p>DESCRI\u00c7\u00c3O COMPLETA Corrente para sinaliza\u00e7\u00e3o e seguran\u00e7a injetada em Polietileno de alta densidade (PEAD) na cor Amarelo e\u00a0Preto.Elo de 60mm.Cor Amarelo e Preto<\/p>\n","protected":false},"featured_media":977,"comment_status":"open","ping_status":"closed","template":"","meta":[],"product_brand":[],"product_cat":[23],"product_tag":[],"class_list":{"0":"post-569","1":"product","2":"type-product","3":"status-publish","4":"has-post-thumbnail","6":"product_cat-sinalizacao","8":"first","9":"instock","10":"shipping-taxable","11":"product-type-simple"},"_links":{"self":[{"href":"https:\/\/jotakaele.com.br\/index.php\/wp-json\/wp\/v2\/product\/569","targetHints":{"allow":["GET"]}}],"collection":[{"href":"https:\/\/jotakaele.com.br\/index.php\/wp-json\/wp\/v2\/product"}],"about":[{"href":"https:\/\/jotakaele.com.br\/index.php\/wp-json\/wp\/v2\/types\/product"}],"replies":[{"embeddable":true,"href":"https:\/\/jotakaele.com.br\/index.php\/wp-json\/wp\/v2\/comments?post=569"}],"wp:featuredmedia":[{"embeddable":true,"href":"https:\/\/jotakaele.com.br\/index.php\/wp-json\/wp\/v2\/media\/977"}],"wp:attachment":[{"href":"https:\/\/jotakaele.com.br\/index.php\/wp-json\/wp\/v2\/media?parent=569"}],"wp:term":[{"taxonomy":"product_brand","embeddable":true,"href":"https:\/\/jotakaele.com.br\/index.php\/wp-json\/wp\/v2\/product_brand?post=569"},{"taxonomy":"product_cat","embeddable":true,"href":"https:\/\/jotakaele.com.br\/index.php\/wp-json\/wp\/v2\/product_cat?post=569"},{"taxonomy":"product_tag","embeddable":true,"href":"https:\/\/jotakaele.com.br\/index.php\/wp-json\/wp\/v2\/product_tag?post=569"}],"curies":[{"name":"wp","href":"https:\/\/api.w.org\/{rel}","templated":true}]}}