{"id":567,"date":"2023-09-19T16:56:07","date_gmt":"2023-09-19T19:56:07","guid":{"rendered":"https:\/\/jotakaele.com.br\/?post_type=product&#038;p=567"},"modified":"2023-09-27T17:01:05","modified_gmt":"2023-09-27T20:01:05","slug":"pedestal-zebrado","status":"publish","type":"product","link":"https:\/\/jotakaele.com.br\/index.php\/produto\/pedestal-zebrado\/","title":{"rendered":"Pedestal Pl\u00e1stico Zebrado Preto\/Amarelo"},"content":{"rendered":"\n<p class=\"has-black-color has-text-color has-small-font-size\"><strong>DESCRI\u00c7\u00c3O COMPLETA<\/strong><\/p>\n\n\n\n<p class=\"has-small-font-size\">O Pedestal Pl\u00e1stico Zebrado Preto\/Amarelo\u00a0\u00e9 confeccionado em polipropileno, com tubo em PVC e tampa injetada em Poliacetal, com dois ganchos opostos do mesmo material, para posicionamento de cordas ou correntes.<\/p>\n","protected":false},"excerpt":{"rendered":"<p>DESCRI\u00c7\u00c3O COMPLETA O Pedestal Pl\u00e1stico Zebrado Preto\/Amarelo\u00a0\u00e9 confeccionado em polipropileno, com tubo em PVC e tampa injetada em Poliacetal, com dois ganchos opostos do mesmo material, para posicionamento de cordas ou correntes.<\/p>\n","protected":false},"featured_media":979,"comment_status":"open","ping_status":"closed","template":"","meta":[],"product_brand":[],"product_cat":[23],"product_tag":[],"class_list":{"0":"post-567","1":"product","2":"type-product","3":"status-publish","4":"has-post-thumbnail","6":"product_cat-sinalizacao","8":"first","9":"instock","10":"shipping-taxable","11":"product-type-simple"},"_links":{"self":[{"href":"https:\/\/jotakaele.com.br\/index.php\/wp-json\/wp\/v2\/product\/567","targetHints":{"allow":["GET"]}}],"collection":[{"href":"https:\/\/jotakaele.com.br\/index.php\/wp-json\/wp\/v2\/product"}],"about":[{"href":"https:\/\/jotakaele.com.br\/index.php\/wp-json\/wp\/v2\/types\/product"}],"replies":[{"embeddable":true,"href":"https:\/\/jotakaele.com.br\/index.php\/wp-json\/wp\/v2\/comments?post=567"}],"wp:featuredmedia":[{"embeddable":true,"href":"https:\/\/jotakaele.com.br\/index.php\/wp-json\/wp\/v2\/media\/979"}],"wp:attachment":[{"href":"https:\/\/jotakaele.com.br\/index.php\/wp-json\/wp\/v2\/media?parent=567"}],"wp:term":[{"taxonomy":"product_brand","embeddable":true,"href":"https:\/\/jotakaele.com.br\/index.php\/wp-json\/wp\/v2\/product_brand?post=567"},{"taxonomy":"product_cat","embeddable":true,"href":"https:\/\/jotakaele.com.br\/index.php\/wp-json\/wp\/v2\/product_cat?post=567"},{"taxonomy":"product_tag","embeddable":true,"href":"https:\/\/jotakaele.com.br\/index.php\/wp-json\/wp\/v2\/product_tag?post=567"}],"curies":[{"name":"wp","href":"https:\/\/api.w.org\/{rel}","templated":true}]}}