{"id":561,"date":"2023-09-19T16:53:00","date_gmt":"2023-09-19T19:53:00","guid":{"rendered":"https:\/\/jotakaele.com.br\/?post_type=product&#038;p=561"},"modified":"2023-10-03T17:30:20","modified_gmt":"2023-10-03T20:30:20","slug":"cone-laranja-norma","status":"publish","type":"product","link":"https:\/\/jotakaele.com.br\/index.php\/produto\/cone-laranja-norma\/","title":{"rendered":"Cone Flex\u00edvel Refletivo NBR 15071"},"content":{"rendered":"\n<p class=\"has-black-color has-text-color has-small-font-size\"><strong>DESCRI\u00c7\u00c3O COMPLETA<\/strong><\/p>\n\n\n\n<p class=\"has-small-font-size\">Cone de sinaliza\u00e7\u00e3o e seguran\u00e7a vi\u00e1ria injetado em PVC na cor laranja. Para uma melhor susten\u00e7\u00e3o possui outo sapatas em sua base. Possui duas faixas refletivas na cor branca.<br>Altura do cone: 75cm<br>Cor do cone:\u00a0 laranja<br>Cor da faixa refletiva: branca<\/p>\n","protected":false},"excerpt":{"rendered":"<p>DESCRI\u00c7\u00c3O COMPLETA Cone de sinaliza\u00e7\u00e3o e seguran\u00e7a vi\u00e1ria injetado em PVC na cor laranja. Para uma melhor susten\u00e7\u00e3o possui outo sapatas em sua base. Possui duas faixas refletivas na cor branca.Altura do cone: 75cmCor do cone:\u00a0 laranjaCor da faixa refletiva: branca<\/p>\n","protected":false},"featured_media":982,"comment_status":"open","ping_status":"closed","template":"","meta":[],"product_brand":[],"product_cat":[23],"product_tag":[],"class_list":{"0":"post-561","1":"product","2":"type-product","3":"status-publish","4":"has-post-thumbnail","6":"product_cat-sinalizacao","8":"first","9":"instock","10":"shipping-taxable","11":"product-type-simple"},"_links":{"self":[{"href":"https:\/\/jotakaele.com.br\/index.php\/wp-json\/wp\/v2\/product\/561","targetHints":{"allow":["GET"]}}],"collection":[{"href":"https:\/\/jotakaele.com.br\/index.php\/wp-json\/wp\/v2\/product"}],"about":[{"href":"https:\/\/jotakaele.com.br\/index.php\/wp-json\/wp\/v2\/types\/product"}],"replies":[{"embeddable":true,"href":"https:\/\/jotakaele.com.br\/index.php\/wp-json\/wp\/v2\/comments?post=561"}],"wp:featuredmedia":[{"embeddable":true,"href":"https:\/\/jotakaele.com.br\/index.php\/wp-json\/wp\/v2\/media\/982"}],"wp:attachment":[{"href":"https:\/\/jotakaele.com.br\/index.php\/wp-json\/wp\/v2\/media?parent=561"}],"wp:term":[{"taxonomy":"product_brand","embeddable":true,"href":"https:\/\/jotakaele.com.br\/index.php\/wp-json\/wp\/v2\/product_brand?post=561"},{"taxonomy":"product_cat","embeddable":true,"href":"https:\/\/jotakaele.com.br\/index.php\/wp-json\/wp\/v2\/product_cat?post=561"},{"taxonomy":"product_tag","embeddable":true,"href":"https:\/\/jotakaele.com.br\/index.php\/wp-json\/wp\/v2\/product_tag?post=561"}],"curies":[{"name":"wp","href":"https:\/\/api.w.org\/{rel}","templated":true}]}}