{"id":557,"date":"2023-09-19T16:49:13","date_gmt":"2023-09-19T19:49:13","guid":{"rendered":"https:\/\/jotakaele.com.br\/?post_type=product&#038;p=557"},"modified":"2023-09-29T13:33:31","modified_gmt":"2023-09-29T16:33:31","slug":"avental-pvc-frente-ca-21-075","status":"publish","type":"product","link":"https:\/\/jotakaele.com.br\/index.php\/produto\/avental-pvc-frente-ca-21-075\/","title":{"rendered":"Avental Preto &#8211; PVC"},"content":{"rendered":"\n<p class=\"has-black-color has-text-color has-small-font-size\"><strong>DESCRI\u00c7\u00c3O COMPLETA<\/strong><\/p>\n\n\n\n<p class=\"has-small-font-size\"><br>Avental de PVC forrado  120 X 70 CM Indicado para prote\u00e7\u00e3o do tronco do usu\u00e1rio contra umidade proveniente de opera\u00e7\u00f5es com uso de \u00e1gua. Avental Frente.<\/p>\n\n\n\n<p class=\"has-black-color has-text-color has-small-font-size\"><strong> CA: 21.075<br><\/strong><\/p>\n","protected":false},"excerpt":{"rendered":"<p> CA: 21.075<\/p>\n<p>\u00a0<\/p>\n","protected":false},"featured_media":1300,"comment_status":"open","ping_status":"closed","template":"","meta":[],"product_brand":[],"product_cat":[20],"product_tag":[],"class_list":{"0":"post-557","1":"product","2":"type-product","3":"status-publish","4":"has-post-thumbnail","6":"product_cat-protecao-corporal","8":"first","9":"instock","10":"shipping-taxable","11":"product-type-simple"},"_links":{"self":[{"href":"https:\/\/jotakaele.com.br\/index.php\/wp-json\/wp\/v2\/product\/557","targetHints":{"allow":["GET"]}}],"collection":[{"href":"https:\/\/jotakaele.com.br\/index.php\/wp-json\/wp\/v2\/product"}],"about":[{"href":"https:\/\/jotakaele.com.br\/index.php\/wp-json\/wp\/v2\/types\/product"}],"replies":[{"embeddable":true,"href":"https:\/\/jotakaele.com.br\/index.php\/wp-json\/wp\/v2\/comments?post=557"}],"wp:featuredmedia":[{"embeddable":true,"href":"https:\/\/jotakaele.com.br\/index.php\/wp-json\/wp\/v2\/media\/1300"}],"wp:attachment":[{"href":"https:\/\/jotakaele.com.br\/index.php\/wp-json\/wp\/v2\/media?parent=557"}],"wp:term":[{"taxonomy":"product_brand","embeddable":true,"href":"https:\/\/jotakaele.com.br\/index.php\/wp-json\/wp\/v2\/product_brand?post=557"},{"taxonomy":"product_cat","embeddable":true,"href":"https:\/\/jotakaele.com.br\/index.php\/wp-json\/wp\/v2\/product_cat?post=557"},{"taxonomy":"product_tag","embeddable":true,"href":"https:\/\/jotakaele.com.br\/index.php\/wp-json\/wp\/v2\/product_tag?post=557"}],"curies":[{"name":"wp","href":"https:\/\/api.w.org\/{rel}","templated":true}]}}