{"id":553,"date":"2023-09-19T16:45:46","date_gmt":"2023-09-19T19:45:46","guid":{"rendered":"https:\/\/jotakaele.com.br\/?post_type=product&#038;p=553"},"modified":"2023-09-27T15:12:54","modified_gmt":"2023-09-27T18:12:54","slug":"avental-tipo-barbeiro","status":"publish","type":"product","link":"https:\/\/jotakaele.com.br\/index.php\/produto\/avental-tipo-barbeiro\/","title":{"rendered":"Avental Barbeiro Raspa"},"content":{"rendered":"\n<p class=\"has-black-color has-text-color has-small-font-size\"><strong>DESCRI\u00c7\u00c3O COMPLETA<\/strong><\/p>\n\n\n\n<p class=\"has-small-font-size\">Avental de seguran\u00e7a confeccionado em raspa, com mangas duas palas e el\u00e1stico nas costas, tira em raspa e fivela met\u00e1lica na cintura para ajustes.<\/p>\n\n\n\n<p class=\"has-black-color has-text-color has-small-font-size\"><strong>CA: 17.600<\/strong><\/p>\n\n\n\n<p class=\"has-black-color has-text-color has-small-font-size\"><strong>INDICA\u00c7\u00c3O <\/strong><\/p>\n\n\n\n<p class=\"has-small-font-size\">Indicado para prote\u00e7\u00e3o contra respingos de solda e agentes agressivos<\/p>\n","protected":false},"excerpt":{"rendered":"<p>\u00a0<\/p>\n","protected":false},"featured_media":875,"comment_status":"open","ping_status":"closed","template":"","meta":[],"product_brand":[],"product_cat":[20],"product_tag":[],"class_list":{"0":"post-553","1":"product","2":"type-product","3":"status-publish","4":"has-post-thumbnail","6":"product_cat-protecao-corporal","8":"first","9":"instock","10":"shipping-taxable","11":"product-type-simple"},"_links":{"self":[{"href":"https:\/\/jotakaele.com.br\/index.php\/wp-json\/wp\/v2\/product\/553","targetHints":{"allow":["GET"]}}],"collection":[{"href":"https:\/\/jotakaele.com.br\/index.php\/wp-json\/wp\/v2\/product"}],"about":[{"href":"https:\/\/jotakaele.com.br\/index.php\/wp-json\/wp\/v2\/types\/product"}],"replies":[{"embeddable":true,"href":"https:\/\/jotakaele.com.br\/index.php\/wp-json\/wp\/v2\/comments?post=553"}],"wp:featuredmedia":[{"embeddable":true,"href":"https:\/\/jotakaele.com.br\/index.php\/wp-json\/wp\/v2\/media\/875"}],"wp:attachment":[{"href":"https:\/\/jotakaele.com.br\/index.php\/wp-json\/wp\/v2\/media?parent=553"}],"wp:term":[{"taxonomy":"product_brand","embeddable":true,"href":"https:\/\/jotakaele.com.br\/index.php\/wp-json\/wp\/v2\/product_brand?post=553"},{"taxonomy":"product_cat","embeddable":true,"href":"https:\/\/jotakaele.com.br\/index.php\/wp-json\/wp\/v2\/product_cat?post=553"},{"taxonomy":"product_tag","embeddable":true,"href":"https:\/\/jotakaele.com.br\/index.php\/wp-json\/wp\/v2\/product_tag?post=553"}],"curies":[{"name":"wp","href":"https:\/\/api.w.org\/{rel}","templated":true}]}}