{"id":549,"date":"2023-09-19T16:43:11","date_gmt":"2023-09-19T19:43:11","guid":{"rendered":"https:\/\/jotakaele.com.br\/?post_type=product&#038;p=549"},"modified":"2023-09-28T15:29:19","modified_gmt":"2023-09-28T18:29:19","slug":"perneira-ca-30-955","status":"publish","type":"product","link":"https:\/\/jotakaele.com.br\/index.php\/produto\/perneira-ca-30-955\/","title":{"rendered":"Perneira em Couro"},"content":{"rendered":"\n<p class=\"has-black-color has-text-color has-small-font-size\"><strong>DESCRI\u00c7\u00c3O COMPLETA<\/strong><\/p>\n\n\n\n<p class=\"has-white-color has-text-color has-small-font-size\"><strong><br><\/strong><br>Perneira de seguran\u00e7a confeccionada em material sint\u00e9tico, fechamento por costura de solda eletr\u00f4nica, tr\u00eas talas de polipropileno frontais para prote\u00e7\u00e3o.<br>&nbsp;<\/p>\n\n\n\n<p class=\"has-black-color has-text-color has-small-font-size\"><strong>CA: 30.955<\/strong><\/p>\n\n\n\n<p class=\"has-black-color has-text-color has-small-font-size\"><strong>INDICA\u00c7\u00c3O<\/strong><\/p>\n\n\n\n<p class=\"has-small-font-size\">Prote\u00e7\u00e3o dos membros inferiores do usu\u00e1rio contra les\u00f5es provocadas por picadas de animais pe\u00e7onhentos, materiais ou objetos cortantes, part\u00edculas volantes, escoriantes, perfurantes e n\u00e9voas na aplica\u00e7\u00e3o de produtos qu\u00edmicos.&nbsp;<\/p>\n","protected":false},"excerpt":{"rendered":"<p><\/p>\n","protected":false},"featured_media":881,"comment_status":"open","ping_status":"closed","template":"","meta":[],"product_brand":[],"product_cat":[20],"product_tag":[],"class_list":{"0":"post-549","1":"product","2":"type-product","3":"status-publish","4":"has-post-thumbnail","6":"product_cat-protecao-corporal","8":"first","9":"instock","10":"shipping-taxable","11":"product-type-simple"},"_links":{"self":[{"href":"https:\/\/jotakaele.com.br\/index.php\/wp-json\/wp\/v2\/product\/549","targetHints":{"allow":["GET"]}}],"collection":[{"href":"https:\/\/jotakaele.com.br\/index.php\/wp-json\/wp\/v2\/product"}],"about":[{"href":"https:\/\/jotakaele.com.br\/index.php\/wp-json\/wp\/v2\/types\/product"}],"replies":[{"embeddable":true,"href":"https:\/\/jotakaele.com.br\/index.php\/wp-json\/wp\/v2\/comments?post=549"}],"wp:featuredmedia":[{"embeddable":true,"href":"https:\/\/jotakaele.com.br\/index.php\/wp-json\/wp\/v2\/media\/881"}],"wp:attachment":[{"href":"https:\/\/jotakaele.com.br\/index.php\/wp-json\/wp\/v2\/media?parent=549"}],"wp:term":[{"taxonomy":"product_brand","embeddable":true,"href":"https:\/\/jotakaele.com.br\/index.php\/wp-json\/wp\/v2\/product_brand?post=549"},{"taxonomy":"product_cat","embeddable":true,"href":"https:\/\/jotakaele.com.br\/index.php\/wp-json\/wp\/v2\/product_cat?post=549"},{"taxonomy":"product_tag","embeddable":true,"href":"https:\/\/jotakaele.com.br\/index.php\/wp-json\/wp\/v2\/product_tag?post=549"}],"curies":[{"name":"wp","href":"https:\/\/api.w.org\/{rel}","templated":true}]}}