{"id":545,"date":"2023-09-19T15:59:38","date_gmt":"2023-09-19T18:59:38","guid":{"rendered":"https:\/\/jotakaele.com.br\/?post_type=product&#038;p=545"},"modified":"2023-09-27T15:19:46","modified_gmt":"2023-09-27T18:19:46","slug":"capa-de-chuva-ca-11-795","status":"publish","type":"product","link":"https:\/\/jotakaele.com.br\/index.php\/produto\/capa-de-chuva-ca-11-795\/","title":{"rendered":"Capa de Chuva Amarela &#8211; PVC"},"content":{"rendered":"\n<p class=\"has-black-color has-text-color has-small-font-size\"><strong>DESCRI\u00c7\u00c3O COMPLETA<\/strong><\/p>\n\n\n\n<p class=\"has-small-font-size\"><br>Capa de seguran\u00e7a confeccionada em PVC com forro de poli\u00e9ster, com mangas, capuz conjugado, fechamento frontal por meio de bot\u00f5es, fechamento das costuras atrav\u00e9s de solda eletr\u00f4nica.<\/p>\n\n\n\n<p class=\"has-black-color has-text-color has-small-font-size\"><strong>CA: 11.795<\/strong><br><br><strong><em>Consultar tamanhos dispon\u00edveis. <\/em><\/strong><\/p>\n","protected":false},"excerpt":{"rendered":"<p>DESCRI\u00c7\u00c3O COMPLETA Capa de seguran\u00e7a confeccionada em PVC com forro de poli\u00e9ster, com mangas, capuz conjugado, fechamento frontal por meio de bot\u00f5es, fechamento das costuras atrav\u00e9s de solda eletr\u00f4nica. CA: 11.795 Consultar tamanhos dispon\u00edveis.<\/p>\n","protected":false},"featured_media":879,"comment_status":"open","ping_status":"closed","template":"","meta":[],"product_brand":[],"product_cat":[20],"product_tag":[],"class_list":{"0":"post-545","1":"product","2":"type-product","3":"status-publish","4":"has-post-thumbnail","6":"product_cat-protecao-corporal","8":"first","9":"instock","10":"shipping-taxable","11":"product-type-simple"},"_links":{"self":[{"href":"https:\/\/jotakaele.com.br\/index.php\/wp-json\/wp\/v2\/product\/545","targetHints":{"allow":["GET"]}}],"collection":[{"href":"https:\/\/jotakaele.com.br\/index.php\/wp-json\/wp\/v2\/product"}],"about":[{"href":"https:\/\/jotakaele.com.br\/index.php\/wp-json\/wp\/v2\/types\/product"}],"replies":[{"embeddable":true,"href":"https:\/\/jotakaele.com.br\/index.php\/wp-json\/wp\/v2\/comments?post=545"}],"wp:featuredmedia":[{"embeddable":true,"href":"https:\/\/jotakaele.com.br\/index.php\/wp-json\/wp\/v2\/media\/879"}],"wp:attachment":[{"href":"https:\/\/jotakaele.com.br\/index.php\/wp-json\/wp\/v2\/media?parent=545"}],"wp:term":[{"taxonomy":"product_brand","embeddable":true,"href":"https:\/\/jotakaele.com.br\/index.php\/wp-json\/wp\/v2\/product_brand?post=545"},{"taxonomy":"product_cat","embeddable":true,"href":"https:\/\/jotakaele.com.br\/index.php\/wp-json\/wp\/v2\/product_cat?post=545"},{"taxonomy":"product_tag","embeddable":true,"href":"https:\/\/jotakaele.com.br\/index.php\/wp-json\/wp\/v2\/product_tag?post=545"}],"curies":[{"name":"wp","href":"https:\/\/api.w.org\/{rel}","templated":true}]}}