{"id":539,"date":"2023-09-19T15:54:54","date_gmt":"2023-09-19T18:54:54","guid":{"rendered":"https:\/\/jotakaele.com.br\/?post_type=product&#038;p=539"},"modified":"2023-09-28T15:31:45","modified_gmt":"2023-09-28T18:31:45","slug":"jaleco-de-brim","status":"publish","type":"product","link":"https:\/\/jotakaele.com.br\/index.php\/produto\/jaleco-de-brim\/","title":{"rendered":"Jaleco Manga Longa &#8211; BRIM"},"content":{"rendered":"\n<p class=\"has-black-color has-text-color has-small-font-size\"><strong>DESCRI\u00c7\u00c3O COMPLETA<\/strong><\/p>\n\n\n\n<p><\/p>\n\n\n\n<p class=\"has-white-color has-text-color has-small-font-size\">Jaleco Brim Manga Longa Uniforme Profissional com 3 bolsos e bot\u00f5es \u00e9 considerada como um item fundamental na seguran\u00e7a dos profissionais ou prestadores de servi\u00e7os.<br><strong>&nbsp;<br>Consultar cores e tamanhos dispon\u00edveis. <\/strong><\/p>\n\n\n\n<p class=\"has-black-color has-text-color has-small-font-size\"><strong>*Algumas op\u00e7\u00f5es com faixa refletiva*<\/strong><\/p>\n","protected":false},"excerpt":{"rendered":"<p>DESCRI\u00c7\u00c3O COMPLETA Jaleco Brim Manga Longa Uniforme Profissional com 3 bolsos e bot\u00f5es \u00e9 considerada como um item fundamental na seguran\u00e7a dos profissionais ou prestadores de servi\u00e7os.&nbsp;Consultar cores e tamanhos dispon\u00edveis. *Algumas op\u00e7\u00f5es com faixa refletiva*<\/p>\n","protected":false},"featured_media":886,"comment_status":"open","ping_status":"closed","template":"","meta":[],"product_brand":[],"product_cat":[20],"product_tag":[],"class_list":{"0":"post-539","1":"product","2":"type-product","3":"status-publish","4":"has-post-thumbnail","6":"product_cat-protecao-corporal","8":"first","9":"instock","10":"shipping-taxable","11":"product-type-simple"},"_links":{"self":[{"href":"https:\/\/jotakaele.com.br\/index.php\/wp-json\/wp\/v2\/product\/539","targetHints":{"allow":["GET"]}}],"collection":[{"href":"https:\/\/jotakaele.com.br\/index.php\/wp-json\/wp\/v2\/product"}],"about":[{"href":"https:\/\/jotakaele.com.br\/index.php\/wp-json\/wp\/v2\/types\/product"}],"replies":[{"embeddable":true,"href":"https:\/\/jotakaele.com.br\/index.php\/wp-json\/wp\/v2\/comments?post=539"}],"wp:featuredmedia":[{"embeddable":true,"href":"https:\/\/jotakaele.com.br\/index.php\/wp-json\/wp\/v2\/media\/886"}],"wp:attachment":[{"href":"https:\/\/jotakaele.com.br\/index.php\/wp-json\/wp\/v2\/media?parent=539"}],"wp:term":[{"taxonomy":"product_brand","embeddable":true,"href":"https:\/\/jotakaele.com.br\/index.php\/wp-json\/wp\/v2\/product_brand?post=539"},{"taxonomy":"product_cat","embeddable":true,"href":"https:\/\/jotakaele.com.br\/index.php\/wp-json\/wp\/v2\/product_cat?post=539"},{"taxonomy":"product_tag","embeddable":true,"href":"https:\/\/jotakaele.com.br\/index.php\/wp-json\/wp\/v2\/product_tag?post=539"}],"curies":[{"name":"wp","href":"https:\/\/api.w.org\/{rel}","templated":true}]}}