{"id":537,"date":"2023-09-19T15:51:58","date_gmt":"2023-09-19T18:51:58","guid":{"rendered":"https:\/\/jotakaele.com.br\/?post_type=product&#038;p=537"},"modified":"2023-09-27T15:23:40","modified_gmt":"2023-09-27T18:23:40","slug":"colete-refletivo-amarelo","status":"publish","type":"product","link":"https:\/\/jotakaele.com.br\/index.php\/produto\/colete-refletivo-amarelo\/","title":{"rendered":"Colete Refletivo Amarelo"},"content":{"rendered":"\n<p class=\"has-black-color has-text-color has-small-font-size\"><strong>DESCRI\u00c7\u00c3O COMPLETA<\/strong><\/p>\n\n\n\n<p class=\"has-small-font-size\">Colete de sinaliza\u00e7\u00e3o sem bolso Amarelo fluorescente.<br>Grade dispon\u00edvel M ao XXG <\/p>\n","protected":false},"excerpt":{"rendered":"<p>DESCRI\u00c7\u00c3O COMPLETA Colete de sinaliza\u00e7\u00e3o sem bolso Amarelo fluorescente.Grade dispon\u00edvel M ao XXG<\/p>\n","protected":false},"featured_media":884,"comment_status":"open","ping_status":"closed","template":"","meta":[],"product_brand":[],"product_cat":[20],"product_tag":[],"class_list":{"0":"post-537","1":"product","2":"type-product","3":"status-publish","4":"has-post-thumbnail","6":"product_cat-protecao-corporal","8":"first","9":"instock","10":"shipping-taxable","11":"product-type-simple"},"_links":{"self":[{"href":"https:\/\/jotakaele.com.br\/index.php\/wp-json\/wp\/v2\/product\/537","targetHints":{"allow":["GET"]}}],"collection":[{"href":"https:\/\/jotakaele.com.br\/index.php\/wp-json\/wp\/v2\/product"}],"about":[{"href":"https:\/\/jotakaele.com.br\/index.php\/wp-json\/wp\/v2\/types\/product"}],"replies":[{"embeddable":true,"href":"https:\/\/jotakaele.com.br\/index.php\/wp-json\/wp\/v2\/comments?post=537"}],"wp:featuredmedia":[{"embeddable":true,"href":"https:\/\/jotakaele.com.br\/index.php\/wp-json\/wp\/v2\/media\/884"}],"wp:attachment":[{"href":"https:\/\/jotakaele.com.br\/index.php\/wp-json\/wp\/v2\/media?parent=537"}],"wp:term":[{"taxonomy":"product_brand","embeddable":true,"href":"https:\/\/jotakaele.com.br\/index.php\/wp-json\/wp\/v2\/product_brand?post=537"},{"taxonomy":"product_cat","embeddable":true,"href":"https:\/\/jotakaele.com.br\/index.php\/wp-json\/wp\/v2\/product_cat?post=537"},{"taxonomy":"product_tag","embeddable":true,"href":"https:\/\/jotakaele.com.br\/index.php\/wp-json\/wp\/v2\/product_tag?post=537"}],"curies":[{"name":"wp","href":"https:\/\/api.w.org\/{rel}","templated":true}]}}