{"id":531,"date":"2023-09-19T15:28:07","date_gmt":"2023-09-19T18:28:07","guid":{"rendered":"https:\/\/jotakaele.com.br\/?post_type=product&#038;p=531"},"modified":"2023-09-27T15:57:34","modified_gmt":"2023-09-27T18:57:34","slug":"palmilha-eva","status":"publish","type":"product","link":"https:\/\/jotakaele.com.br\/index.php\/produto\/palmilha-eva\/","title":{"rendered":"Palmilha EVA"},"content":{"rendered":"\n<p class=\"has-black-color has-text-color has-small-font-size\"><strong>DESCRI\u00c7\u00c3O COMPLETA<\/strong><\/p>\n\n\n\n<p class=\"has-small-font-size\">Palmilha confeccionada em material expandido \u00e0 base de Etileno Acetato de Vinil (EVA) de baixa densidade;Dublado com tecido 100% Poli\u00e9ster com tratamento antimicr\u00f3bios.Grade dispon\u00edvel n\u00b033 ao n\u00b047<\/p>\n","protected":false},"excerpt":{"rendered":"<p>DESCRI\u00c7\u00c3O COMPLETA Palmilha confeccionada em material expandido \u00e0 base de Etileno Acetato de Vinil (EVA) de baixa densidade;Dublado com tecido 100% Poli\u00e9ster com tratamento antimicr\u00f3bios.Grade dispon\u00edvel n\u00b033 ao n\u00b047<\/p>\n","protected":false},"featured_media":533,"comment_status":"open","ping_status":"closed","template":"","meta":[],"product_brand":[],"product_cat":[19],"product_tag":[],"class_list":{"0":"post-531","1":"product","2":"type-product","3":"status-publish","4":"has-post-thumbnail","6":"product_cat-protecao-para-pes","8":"first","9":"instock","10":"shipping-taxable","11":"product-type-simple"},"_links":{"self":[{"href":"https:\/\/jotakaele.com.br\/index.php\/wp-json\/wp\/v2\/product\/531","targetHints":{"allow":["GET"]}}],"collection":[{"href":"https:\/\/jotakaele.com.br\/index.php\/wp-json\/wp\/v2\/product"}],"about":[{"href":"https:\/\/jotakaele.com.br\/index.php\/wp-json\/wp\/v2\/types\/product"}],"replies":[{"embeddable":true,"href":"https:\/\/jotakaele.com.br\/index.php\/wp-json\/wp\/v2\/comments?post=531"}],"wp:featuredmedia":[{"embeddable":true,"href":"https:\/\/jotakaele.com.br\/index.php\/wp-json\/wp\/v2\/media\/533"}],"wp:attachment":[{"href":"https:\/\/jotakaele.com.br\/index.php\/wp-json\/wp\/v2\/media?parent=531"}],"wp:term":[{"taxonomy":"product_brand","embeddable":true,"href":"https:\/\/jotakaele.com.br\/index.php\/wp-json\/wp\/v2\/product_brand?post=531"},{"taxonomy":"product_cat","embeddable":true,"href":"https:\/\/jotakaele.com.br\/index.php\/wp-json\/wp\/v2\/product_cat?post=531"},{"taxonomy":"product_tag","embeddable":true,"href":"https:\/\/jotakaele.com.br\/index.php\/wp-json\/wp\/v2\/product_tag?post=531"}],"curies":[{"name":"wp","href":"https:\/\/api.w.org\/{rel}","templated":true}]}}