{"id":527,"date":"2023-09-19T15:25:18","date_gmt":"2023-09-19T18:25:18","guid":{"rendered":"https:\/\/jotakaele.com.br\/?post_type=product&#038;p=527"},"modified":"2023-09-27T15:33:02","modified_gmt":"2023-09-27T18:33:02","slug":"bota-pvc-ca-42-291","status":"publish","type":"product","link":"https:\/\/jotakaele.com.br\/index.php\/produto\/bota-pvc-ca-42-291\/","title":{"rendered":"Bota de Borracha &#8211; Cano M\u00e9dio"},"content":{"rendered":"\n<p class=\"has-black-color has-text-color has-small-font-size\"><strong>DESCRI\u00c7\u00c3O COMPLETA<\/strong><\/p>\n\n\n\n<p class=\"has-small-font-size\">Cal\u00e7ado ocupacional tipo bota imperme\u00e1vel, classifica\u00e7\u00e3o II, confeccionado em PVC (policloreto de vinila).<\/p>\n\n\n\n<p class=\"has-black-color has-text-color has-small-font-size\"><strong>CA: 42.291<\/strong><\/p>\n\n\n\n<p class=\"has-black-color has-text-color has-small-font-size\"><strong>INDICA\u00c7\u00c3O<\/strong><\/p>\n\n\n\n<p class=\"has-small-font-size\">Indicado para a ind\u00fastria qu\u00edmica, petroqu\u00edmica, galvanoplastias, transportadora de produtos qu\u00edmicos, postos de gasolina, mineradora, constru\u00e7\u00e3o civil, empresas de concretagem, saneamento b\u00e1sico, aterros sanit\u00e1rios, servi\u00e7os de higiene e limpeza, agricultura, pecu\u00e1ria, pesca, jardinagem e motociclistas.<\/p>\n","protected":false},"excerpt":{"rendered":"<p><a href=\"42.291\">CA: 42.291<\/a><\/p>\n<p>Cal\u00e7ado ocupacional tipo bota imperme\u00e1vel, classifica\u00e7\u00e3o II, confeccionado em PVC (policloreto de vinila).<\/p>\n<p>Consultar numera\u00e7\u00e3o dispon\u00edvel. <br \/>\u00a0<\/p>\n","protected":false},"featured_media":869,"comment_status":"open","ping_status":"closed","template":"","meta":[],"product_brand":[],"product_cat":[19],"product_tag":[],"class_list":{"0":"post-527","1":"product","2":"type-product","3":"status-publish","4":"has-post-thumbnail","6":"product_cat-protecao-para-pes","8":"first","9":"instock","10":"shipping-taxable","11":"product-type-simple"},"_links":{"self":[{"href":"https:\/\/jotakaele.com.br\/index.php\/wp-json\/wp\/v2\/product\/527","targetHints":{"allow":["GET"]}}],"collection":[{"href":"https:\/\/jotakaele.com.br\/index.php\/wp-json\/wp\/v2\/product"}],"about":[{"href":"https:\/\/jotakaele.com.br\/index.php\/wp-json\/wp\/v2\/types\/product"}],"replies":[{"embeddable":true,"href":"https:\/\/jotakaele.com.br\/index.php\/wp-json\/wp\/v2\/comments?post=527"}],"wp:featuredmedia":[{"embeddable":true,"href":"https:\/\/jotakaele.com.br\/index.php\/wp-json\/wp\/v2\/media\/869"}],"wp:attachment":[{"href":"https:\/\/jotakaele.com.br\/index.php\/wp-json\/wp\/v2\/media?parent=527"}],"wp:term":[{"taxonomy":"product_brand","embeddable":true,"href":"https:\/\/jotakaele.com.br\/index.php\/wp-json\/wp\/v2\/product_brand?post=527"},{"taxonomy":"product_cat","embeddable":true,"href":"https:\/\/jotakaele.com.br\/index.php\/wp-json\/wp\/v2\/product_cat?post=527"},{"taxonomy":"product_tag","embeddable":true,"href":"https:\/\/jotakaele.com.br\/index.php\/wp-json\/wp\/v2\/product_tag?post=527"}],"curies":[{"name":"wp","href":"https:\/\/api.w.org\/{rel}","templated":true}]}}