{"id":523,"date":"2023-09-19T15:20:10","date_gmt":"2023-09-19T18:20:10","guid":{"rendered":"https:\/\/jotakaele.com.br\/?post_type=product&#038;p=523"},"modified":"2023-09-27T15:37:09","modified_gmt":"2023-09-27T18:37:09","slug":"calcado-ocupacional-ca-48583","status":"publish","type":"product","link":"https:\/\/jotakaele.com.br\/index.php\/produto\/calcado-ocupacional-ca-48583\/","title":{"rendered":"Cal\u00e7ado ocupacional"},"content":{"rendered":"\n<p class=\"has-black-color has-text-color has-small-font-size\"><strong>DESCRI\u00c7\u00c3O COMPLETA<\/strong><\/p>\n\n\n\n<p class=\"has-small-font-size\"><br><span style=\"font-family: var(--wp--preset--font-family--system-font);text-align: justify\">Cal\u00e7ado ocupacional de uso profissional tipo cal\u00e7ado baixo (sapato), fechado na parte do calcanhar e na parte superior, confeccionado em material polim\u00e9rico e imperme\u00e1vel, solado em material polim\u00e9rico antiderrapante (resistente ao escorregamento em piso cer\u00e2mico com solu\u00e7\u00e3o de detergente e piso de a\u00e7o com solu\u00e7\u00e3o de glicerol), resistente \u00e0 absor\u00e7\u00e3o de energia na \u00e1rea do salto e ao \u00f3leo combust\u00edvel, com palmilha interna remov\u00edvel.<\/span><\/p>\n\n\n\n<p class=\"has-black-color has-text-color has-small-font-size\"><strong>CA: 48.583<\/strong><br><strong><em><br>Consultar cores e numera\u00e7\u00e3o dispon\u00edvel.<\/em><\/strong><\/p>\n","protected":false},"excerpt":{"rendered":"<div class=\"grupo_result_ca\" style=\"margin: 20px 0px;padding: 0px;vertical-align: baseline;overflow: hidden;clear: both;, sans-serif;font-size: 14px;text-align: justify\"><\/div>\n<div><span style=\"font-family: var(--wp--preset--font-family--system-font);text-align: justify\"><\/span><\/div>\n","protected":false},"featured_media":870,"comment_status":"open","ping_status":"closed","template":"","meta":[],"product_brand":[],"product_cat":[19],"product_tag":[],"class_list":{"0":"post-523","1":"product","2":"type-product","3":"status-publish","4":"has-post-thumbnail","6":"product_cat-protecao-para-pes","8":"first","9":"instock","10":"shipping-taxable","11":"product-type-simple"},"_links":{"self":[{"href":"https:\/\/jotakaele.com.br\/index.php\/wp-json\/wp\/v2\/product\/523","targetHints":{"allow":["GET"]}}],"collection":[{"href":"https:\/\/jotakaele.com.br\/index.php\/wp-json\/wp\/v2\/product"}],"about":[{"href":"https:\/\/jotakaele.com.br\/index.php\/wp-json\/wp\/v2\/types\/product"}],"replies":[{"embeddable":true,"href":"https:\/\/jotakaele.com.br\/index.php\/wp-json\/wp\/v2\/comments?post=523"}],"wp:featuredmedia":[{"embeddable":true,"href":"https:\/\/jotakaele.com.br\/index.php\/wp-json\/wp\/v2\/media\/870"}],"wp:attachment":[{"href":"https:\/\/jotakaele.com.br\/index.php\/wp-json\/wp\/v2\/media?parent=523"}],"wp:term":[{"taxonomy":"product_brand","embeddable":true,"href":"https:\/\/jotakaele.com.br\/index.php\/wp-json\/wp\/v2\/product_brand?post=523"},{"taxonomy":"product_cat","embeddable":true,"href":"https:\/\/jotakaele.com.br\/index.php\/wp-json\/wp\/v2\/product_cat?post=523"},{"taxonomy":"product_tag","embeddable":true,"href":"https:\/\/jotakaele.com.br\/index.php\/wp-json\/wp\/v2\/product_tag?post=523"}],"curies":[{"name":"wp","href":"https:\/\/api.w.org\/{rel}","templated":true}]}}