{"id":516,"date":"2023-09-19T15:10:32","date_gmt":"2023-09-19T18:10:32","guid":{"rendered":"https:\/\/jotakaele.com.br\/?post_type=product&#038;p=516"},"modified":"2023-09-27T15:38:56","modified_gmt":"2023-09-27T18:38:56","slug":"botina-infinity-bico-de-aco-ca-40-043","status":"publish","type":"product","link":"https:\/\/jotakaele.com.br\/index.php\/produto\/botina-infinity-bico-de-aco-ca-40-043\/","title":{"rendered":"Botina Infinity &#8211; Bico de A\u00e7o"},"content":{"rendered":"\n<p class=\"has-black-color has-text-color has-small-font-size\"><strong>DESCRI\u00c7\u00c3O COMPLETA<\/strong><\/p>\n\n\n\n<p class=\"has-small-font-size\">Cal\u00e7ado ocupacional tipo botina, confeccionado em couro vaqueta, cor preta, fechamento em el\u00e1stico, palmilha de montagem em n\u00e3o tecido fixada pelo sistema strobel,  biqueira de a\u00e7o, solado de poliuretano bidensidade injetado direto ao cabedal.<br><\/p>\n\n\n\n<p class=\"has-black-color has-text-color has-small-font-size\"><strong>CA: 40.043<\/strong><\/p>\n\n\n\n<p class=\"has-black-color has-text-color has-small-font-size\"><strong><em><br>Consultar numera\u00e7\u00e3o dispon\u00edvel. <\/em><\/strong><\/p>\n","protected":false},"excerpt":{"rendered":"<p>DESCRI\u00c7\u00c3O COMPLETA Cal\u00e7ado ocupacional tipo botina, confeccionado em couro vaqueta, cor preta, fechamento em el\u00e1stico, palmilha de montagem em n\u00e3o tecido fixada pelo sistema strobel, biqueira de a\u00e7o, solado de poliuretano bidensidade injetado direto ao cabedal. CA: 40.043 Consultar numera\u00e7\u00e3o dispon\u00edvel.<\/p>\n","protected":false},"featured_media":522,"comment_status":"open","ping_status":"closed","template":"","meta":[],"product_brand":[],"product_cat":[19],"product_tag":[],"class_list":{"0":"post-516","1":"product","2":"type-product","3":"status-publish","4":"has-post-thumbnail","6":"product_cat-protecao-para-pes","8":"first","9":"instock","10":"shipping-taxable","11":"product-type-simple"},"_links":{"self":[{"href":"https:\/\/jotakaele.com.br\/index.php\/wp-json\/wp\/v2\/product\/516","targetHints":{"allow":["GET"]}}],"collection":[{"href":"https:\/\/jotakaele.com.br\/index.php\/wp-json\/wp\/v2\/product"}],"about":[{"href":"https:\/\/jotakaele.com.br\/index.php\/wp-json\/wp\/v2\/types\/product"}],"replies":[{"embeddable":true,"href":"https:\/\/jotakaele.com.br\/index.php\/wp-json\/wp\/v2\/comments?post=516"}],"wp:featuredmedia":[{"embeddable":true,"href":"https:\/\/jotakaele.com.br\/index.php\/wp-json\/wp\/v2\/media\/522"}],"wp:attachment":[{"href":"https:\/\/jotakaele.com.br\/index.php\/wp-json\/wp\/v2\/media?parent=516"}],"wp:term":[{"taxonomy":"product_brand","embeddable":true,"href":"https:\/\/jotakaele.com.br\/index.php\/wp-json\/wp\/v2\/product_brand?post=516"},{"taxonomy":"product_cat","embeddable":true,"href":"https:\/\/jotakaele.com.br\/index.php\/wp-json\/wp\/v2\/product_cat?post=516"},{"taxonomy":"product_tag","embeddable":true,"href":"https:\/\/jotakaele.com.br\/index.php\/wp-json\/wp\/v2\/product_tag?post=516"}],"curies":[{"name":"wp","href":"https:\/\/api.w.org\/{rel}","templated":true}]}}