{"id":511,"date":"2023-09-19T15:04:37","date_gmt":"2023-09-19T18:04:37","guid":{"rendered":"https:\/\/jotakaele.com.br\/?post_type=product&#038;p=511"},"modified":"2023-09-27T15:42:51","modified_gmt":"2023-09-27T18:42:51","slug":"botina-bico-de-composite-ca-39-936","status":"publish","type":"product","link":"https:\/\/jotakaele.com.br\/index.php\/produto\/botina-bico-de-composite-ca-39-936\/","title":{"rendered":"Botina com El\u00e1stico &#8211; Bico de Composite"},"content":{"rendered":"\n<p class=\"has-black-color has-text-color has-small-font-size\"><strong>DESCRI\u00c7\u00c3O COMPLETA<\/strong><\/p>\n\n\n\n<p class=\"has-white-color has-text-color has-small-font-size\"><br>Cal\u00e7ado de seguran\u00e7a de uso profissional tipo botina, confeccionado em couro, cor preta, fechamento em el\u00e1stico, palmilha de montagem em n\u00e3o tecido fixada pelo sistema strobel, biqueira de composite, solado em poliuretano bidensidade injetado direto ao cabedal, para uso eletricista.<\/p>\n\n\n\n<p class=\"has-black-color has-text-color has-small-font-size\"><strong>CA: 39.936<\/strong><br><br><strong><em>Consultar numera\u00e7\u00e3o dispon\u00edvel. <\/em><\/strong><\/p>\n","protected":false},"excerpt":{"rendered":"<p>DESCRI\u00c7\u00c3O COMPLETA Cal\u00e7ado de seguran\u00e7a de uso profissional tipo botina, confeccionado em couro, cor preta, fechamento em el\u00e1stico, palmilha de montagem em n\u00e3o tecido fixada pelo sistema strobel, biqueira de composite, solado em poliuretano bidensidade injetado direto ao cabedal, para uso eletricista. CA: 39.936 Consultar numera\u00e7\u00e3o dispon\u00edvel.<\/p>\n","protected":false},"featured_media":514,"comment_status":"open","ping_status":"closed","template":"","meta":[],"product_brand":[],"product_cat":[19],"product_tag":[],"class_list":{"0":"post-511","1":"product","2":"type-product","3":"status-publish","4":"has-post-thumbnail","6":"product_cat-protecao-para-pes","8":"first","9":"instock","10":"shipping-taxable","11":"product-type-simple"},"_links":{"self":[{"href":"https:\/\/jotakaele.com.br\/index.php\/wp-json\/wp\/v2\/product\/511","targetHints":{"allow":["GET"]}}],"collection":[{"href":"https:\/\/jotakaele.com.br\/index.php\/wp-json\/wp\/v2\/product"}],"about":[{"href":"https:\/\/jotakaele.com.br\/index.php\/wp-json\/wp\/v2\/types\/product"}],"replies":[{"embeddable":true,"href":"https:\/\/jotakaele.com.br\/index.php\/wp-json\/wp\/v2\/comments?post=511"}],"wp:featuredmedia":[{"embeddable":true,"href":"https:\/\/jotakaele.com.br\/index.php\/wp-json\/wp\/v2\/media\/514"}],"wp:attachment":[{"href":"https:\/\/jotakaele.com.br\/index.php\/wp-json\/wp\/v2\/media?parent=511"}],"wp:term":[{"taxonomy":"product_brand","embeddable":true,"href":"https:\/\/jotakaele.com.br\/index.php\/wp-json\/wp\/v2\/product_brand?post=511"},{"taxonomy":"product_cat","embeddable":true,"href":"https:\/\/jotakaele.com.br\/index.php\/wp-json\/wp\/v2\/product_cat?post=511"},{"taxonomy":"product_tag","embeddable":true,"href":"https:\/\/jotakaele.com.br\/index.php\/wp-json\/wp\/v2\/product_tag?post=511"}],"curies":[{"name":"wp","href":"https:\/\/api.w.org\/{rel}","templated":true}]}}