{"id":508,"date":"2023-09-19T14:54:32","date_gmt":"2023-09-19T17:54:32","guid":{"rendered":"https:\/\/jotakaele.com.br\/?post_type=product&#038;p=508"},"modified":"2023-09-27T15:47:19","modified_gmt":"2023-09-27T18:47:19","slug":"botina-bico-de-aco-imbiseg-ca-17-014","status":"publish","type":"product","link":"https:\/\/jotakaele.com.br\/index.php\/produto\/botina-bico-de-aco-imbiseg-ca-17-014\/","title":{"rendered":"Botina Imbiseg &#8211; Bico de A\u00e7o"},"content":{"rendered":"\n<p class=\"has-black-color has-text-color has-small-font-size\"><strong>DESCRI\u00c7\u00c3O COMPLETA<\/strong><br><\/p>\n\n\n\n<p class=\"has-white-color has-text-color has-small-font-size\"><br>Cal\u00e7ado de seguran\u00e7a tipo botina, confeccionada em couro curtido ao cromo, fechamento em el\u00e1stico lateral, palmilha de montagem em n\u00e3o tecido, solado em poliuretano monodensidade, com biqueira de a\u00e7o.<br><\/p>\n\n\n\n<p class=\"has-black-color has-text-color has-small-font-size\"><strong>CA: 17.014<\/strong><\/p>\n\n\n\n<p class=\"has-black-color has-text-color has-small-font-size\"><br><strong><em>Consultar numera\u00e7\u00e3o disponivel. <\/em><\/strong><\/p>\n","protected":false},"excerpt":{"rendered":"<p>\u00a0<\/p>\n","protected":false},"featured_media":872,"comment_status":"open","ping_status":"closed","template":"","meta":[],"product_brand":[],"product_cat":[19],"product_tag":[],"class_list":{"0":"post-508","1":"product","2":"type-product","3":"status-publish","4":"has-post-thumbnail","6":"product_cat-protecao-para-pes","8":"first","9":"instock","10":"shipping-taxable","11":"product-type-simple"},"_links":{"self":[{"href":"https:\/\/jotakaele.com.br\/index.php\/wp-json\/wp\/v2\/product\/508","targetHints":{"allow":["GET"]}}],"collection":[{"href":"https:\/\/jotakaele.com.br\/index.php\/wp-json\/wp\/v2\/product"}],"about":[{"href":"https:\/\/jotakaele.com.br\/index.php\/wp-json\/wp\/v2\/types\/product"}],"replies":[{"embeddable":true,"href":"https:\/\/jotakaele.com.br\/index.php\/wp-json\/wp\/v2\/comments?post=508"}],"wp:featuredmedia":[{"embeddable":true,"href":"https:\/\/jotakaele.com.br\/index.php\/wp-json\/wp\/v2\/media\/872"}],"wp:attachment":[{"href":"https:\/\/jotakaele.com.br\/index.php\/wp-json\/wp\/v2\/media?parent=508"}],"wp:term":[{"taxonomy":"product_brand","embeddable":true,"href":"https:\/\/jotakaele.com.br\/index.php\/wp-json\/wp\/v2\/product_brand?post=508"},{"taxonomy":"product_cat","embeddable":true,"href":"https:\/\/jotakaele.com.br\/index.php\/wp-json\/wp\/v2\/product_cat?post=508"},{"taxonomy":"product_tag","embeddable":true,"href":"https:\/\/jotakaele.com.br\/index.php\/wp-json\/wp\/v2\/product_tag?post=508"}],"curies":[{"name":"wp","href":"https:\/\/api.w.org\/{rel}","templated":true}]}}