{"id":506,"date":"2023-09-19T14:53:16","date_gmt":"2023-09-19T17:53:16","guid":{"rendered":"https:\/\/jotakaele.com.br\/?post_type=product&#038;p=506"},"modified":"2023-09-29T13:35:28","modified_gmt":"2023-09-29T16:35:28","slug":"botina-bico-de-aco-ca-21-748","status":"publish","type":"product","link":"https:\/\/jotakaele.com.br\/index.php\/produto\/botina-bico-de-aco-ca-21-748\/","title":{"rendered":"Botina com El\u00e1stico &#8211; Bico de A\u00e7o"},"content":{"rendered":"\n<p class=\"has-black-color has-text-color has-small-font-size\"><strong>DESCRI\u00c7\u00c3O COMPLETA<\/strong><\/p>\n\n\n\n<p class=\"has-white-color has-text-color has-small-font-size\"><br><br>Cal\u00e7ado de seguran\u00e7a tipo botina, modelo blatt, confeccionado em couro curtido ao cromo na cor preta hidrofugado, fechamento em el\u00e1stico, palmilha de montagem em n\u00e3o tecido fixado pelo sistema strobel, com protetor de metatarso e com solado de poliuretano bidensidade, bico de a\u00e7o.<br>\u00a0<\/p>\n\n\n\n<p class=\"has-black-color has-text-color has-small-font-size\"><strong>CA: 21.748 <\/strong><\/p>\n\n\n\n<p class=\"has-black-color has-text-color has-small-font-size\"><strong><em><br>Consultar numera\u00e7\u00e3o dispon\u00edvel. <\/em><\/strong><\/p>\n","protected":false},"excerpt":{"rendered":"<p>DESCRI\u00c7\u00c3O COMPLETA Cal\u00e7ado de seguran\u00e7a tipo botina, modelo blatt, confeccionado em couro curtido ao cromo na cor preta hidrofugado, fechamento em el\u00e1stico, palmilha de montagem em n\u00e3o tecido fixado pelo sistema strobel, com protetor de metatarso e com solado de poliuretano bidensidade, bico de a\u00e7o.\u00a0 CA: 21.748 Consultar numera\u00e7\u00e3o dispon\u00edvel.<\/p>\n","protected":false},"featured_media":1302,"comment_status":"open","ping_status":"closed","template":"","meta":[],"product_brand":[],"product_cat":[19],"product_tag":[],"class_list":{"0":"post-506","1":"product","2":"type-product","3":"status-publish","4":"has-post-thumbnail","6":"product_cat-protecao-para-pes","8":"first","9":"instock","10":"shipping-taxable","11":"product-type-simple"},"_links":{"self":[{"href":"https:\/\/jotakaele.com.br\/index.php\/wp-json\/wp\/v2\/product\/506","targetHints":{"allow":["GET"]}}],"collection":[{"href":"https:\/\/jotakaele.com.br\/index.php\/wp-json\/wp\/v2\/product"}],"about":[{"href":"https:\/\/jotakaele.com.br\/index.php\/wp-json\/wp\/v2\/types\/product"}],"replies":[{"embeddable":true,"href":"https:\/\/jotakaele.com.br\/index.php\/wp-json\/wp\/v2\/comments?post=506"}],"wp:featuredmedia":[{"embeddable":true,"href":"https:\/\/jotakaele.com.br\/index.php\/wp-json\/wp\/v2\/media\/1302"}],"wp:attachment":[{"href":"https:\/\/jotakaele.com.br\/index.php\/wp-json\/wp\/v2\/media?parent=506"}],"wp:term":[{"taxonomy":"product_brand","embeddable":true,"href":"https:\/\/jotakaele.com.br\/index.php\/wp-json\/wp\/v2\/product_brand?post=506"},{"taxonomy":"product_cat","embeddable":true,"href":"https:\/\/jotakaele.com.br\/index.php\/wp-json\/wp\/v2\/product_cat?post=506"},{"taxonomy":"product_tag","embeddable":true,"href":"https:\/\/jotakaele.com.br\/index.php\/wp-json\/wp\/v2\/product_tag?post=506"}],"curies":[{"name":"wp","href":"https:\/\/api.w.org\/{rel}","templated":true}]}}