{"id":504,"date":"2023-09-19T14:51:55","date_gmt":"2023-09-19T17:51:55","guid":{"rendered":"https:\/\/jotakaele.com.br\/?post_type=product&#038;p=504"},"modified":"2023-09-29T13:36:19","modified_gmt":"2023-09-29T16:36:19","slug":"botina-nobuck-cafe-ca-40-041","status":"publish","type":"product","link":"https:\/\/jotakaele.com.br\/index.php\/produto\/botina-nobuck-cafe-ca-40-041\/","title":{"rendered":"Botina Nobuck de Amarrar &#8211; Caf\u00e9"},"content":{"rendered":"\n<p class=\"has-black-color has-text-color has-small-font-size\"><strong>DESCRI\u00c7\u00c3O COMPLETA<\/strong><\/p>\n\n\n\n<p class=\"has-small-font-size\"><br>Cal\u00e7ado ocupacional tipo botina, confeccionado em couro, cor preta ou marrom, fechamento em atacador de amarrar, palmilha de montagem em n\u00e3o tecido fixada pelo sistema strobel, sem bico de a\u00e7o, solado de poliuretano bidensidade injetado direto ao cabedal.<\/p>\n\n\n\n<p class=\"has-black-color has-text-color has-small-font-size\"><strong>CA: 40.041<\/strong><br><br><strong><em>Consultar numera\u00e7\u00e3o dispon\u00edvel. <\/em><\/strong><\/p>\n","protected":false},"excerpt":{"rendered":"<p>DESCRI\u00c7\u00c3O COMPLETA Cal\u00e7ado ocupacional tipo botina, confeccionado em couro, cor preta ou marrom, fechamento em atacador de amarrar, palmilha de montagem em n\u00e3o tecido fixada pelo sistema strobel, sem bico de a\u00e7o, solado de poliuretano bidensidade injetado direto ao cabedal. CA: 40.041 Consultar numera\u00e7\u00e3o dispon\u00edvel.<\/p>\n","protected":false},"featured_media":1303,"comment_status":"open","ping_status":"closed","template":"","meta":[],"product_brand":[],"product_cat":[19],"product_tag":[],"class_list":{"0":"post-504","1":"product","2":"type-product","3":"status-publish","4":"has-post-thumbnail","6":"product_cat-protecao-para-pes","8":"first","9":"instock","10":"shipping-taxable","11":"product-type-simple"},"_links":{"self":[{"href":"https:\/\/jotakaele.com.br\/index.php\/wp-json\/wp\/v2\/product\/504","targetHints":{"allow":["GET"]}}],"collection":[{"href":"https:\/\/jotakaele.com.br\/index.php\/wp-json\/wp\/v2\/product"}],"about":[{"href":"https:\/\/jotakaele.com.br\/index.php\/wp-json\/wp\/v2\/types\/product"}],"replies":[{"embeddable":true,"href":"https:\/\/jotakaele.com.br\/index.php\/wp-json\/wp\/v2\/comments?post=504"}],"wp:featuredmedia":[{"embeddable":true,"href":"https:\/\/jotakaele.com.br\/index.php\/wp-json\/wp\/v2\/media\/1303"}],"wp:attachment":[{"href":"https:\/\/jotakaele.com.br\/index.php\/wp-json\/wp\/v2\/media?parent=504"}],"wp:term":[{"taxonomy":"product_brand","embeddable":true,"href":"https:\/\/jotakaele.com.br\/index.php\/wp-json\/wp\/v2\/product_brand?post=504"},{"taxonomy":"product_cat","embeddable":true,"href":"https:\/\/jotakaele.com.br\/index.php\/wp-json\/wp\/v2\/product_cat?post=504"},{"taxonomy":"product_tag","embeddable":true,"href":"https:\/\/jotakaele.com.br\/index.php\/wp-json\/wp\/v2\/product_tag?post=504"}],"curies":[{"name":"wp","href":"https:\/\/api.w.org\/{rel}","templated":true}]}}