{"id":499,"date":"2023-09-19T14:44:03","date_gmt":"2023-09-19T17:44:03","guid":{"rendered":"https:\/\/jotakaele.com.br\/?post_type=product&#038;p=499"},"modified":"2023-09-27T15:49:55","modified_gmt":"2023-09-27T18:49:55","slug":"botina-londrina-ca-45-374","status":"publish","type":"product","link":"https:\/\/jotakaele.com.br\/index.php\/produto\/botina-londrina-ca-45-374\/","title":{"rendered":"Botina Nobuck de Amarrar &#8211; Londrina"},"content":{"rendered":"\n<p class=\"has-black-color has-text-color has-small-font-size\"><strong>DESCRI\u00c7\u00c3O COMPLETA<\/strong><\/p>\n\n\n\n<p class=\"has-small-font-size\"><br><br>Cal\u00e7ado ocupacional, tipo botina, confeccionado em couro, forro da g\u00e1spea e regi\u00e3o do salto em n\u00e3o tecido cinza, palmilha de montagem em n\u00e3o tecido branca fixada pelo sistema strobel, palmilha interna de EVA branca dublado com tecido preto, solado de poliuretano bidensidade preto injetado diretamente no cabedal.<\/p>\n\n\n\n<p class=\"has-black-color has-text-color has-small-font-size\"><strong>CA: 45.374<br><br>Consultar numera\u00e7\u00e3o dispon\u00edvel.<\/strong><em><br><\/em><br><\/p>\n","protected":false},"excerpt":{"rendered":"<p>DESCRI\u00c7\u00c3O COMPLETA Cal\u00e7ado ocupacional, tipo botina, confeccionado em couro, forro da g\u00e1spea e regi\u00e3o do salto em n\u00e3o tecido cinza, palmilha de montagem em n\u00e3o tecido branca fixada pelo sistema strobel, palmilha interna de EVA branca dublado com tecido preto, solado de poliuretano bidensidade preto injetado diretamente no cabedal. CA: 45.374 Consultar numera\u00e7\u00e3o dispon\u00edvel.<\/p>\n","protected":false},"featured_media":503,"comment_status":"open","ping_status":"closed","template":"","meta":[],"product_brand":[],"product_cat":[19],"product_tag":[],"class_list":{"0":"post-499","1":"product","2":"type-product","3":"status-publish","4":"has-post-thumbnail","6":"product_cat-protecao-para-pes","8":"first","9":"instock","10":"shipping-taxable","11":"product-type-simple"},"_links":{"self":[{"href":"https:\/\/jotakaele.com.br\/index.php\/wp-json\/wp\/v2\/product\/499","targetHints":{"allow":["GET"]}}],"collection":[{"href":"https:\/\/jotakaele.com.br\/index.php\/wp-json\/wp\/v2\/product"}],"about":[{"href":"https:\/\/jotakaele.com.br\/index.php\/wp-json\/wp\/v2\/types\/product"}],"replies":[{"embeddable":true,"href":"https:\/\/jotakaele.com.br\/index.php\/wp-json\/wp\/v2\/comments?post=499"}],"wp:featuredmedia":[{"embeddable":true,"href":"https:\/\/jotakaele.com.br\/index.php\/wp-json\/wp\/v2\/media\/503"}],"wp:attachment":[{"href":"https:\/\/jotakaele.com.br\/index.php\/wp-json\/wp\/v2\/media?parent=499"}],"wp:term":[{"taxonomy":"product_brand","embeddable":true,"href":"https:\/\/jotakaele.com.br\/index.php\/wp-json\/wp\/v2\/product_brand?post=499"},{"taxonomy":"product_cat","embeddable":true,"href":"https:\/\/jotakaele.com.br\/index.php\/wp-json\/wp\/v2\/product_cat?post=499"},{"taxonomy":"product_tag","embeddable":true,"href":"https:\/\/jotakaele.com.br\/index.php\/wp-json\/wp\/v2\/product_tag?post=499"}],"curies":[{"name":"wp","href":"https:\/\/api.w.org\/{rel}","templated":true}]}}