{"id":497,"date":"2023-09-19T14:39:24","date_gmt":"2023-09-19T17:39:24","guid":{"rendered":"https:\/\/jotakaele.com.br\/?post_type=product&#038;p=497"},"modified":"2023-09-27T15:50:39","modified_gmt":"2023-09-27T18:50:39","slug":"botina-nobuck-ca-16-252","status":"publish","type":"product","link":"https:\/\/jotakaele.com.br\/index.php\/produto\/botina-nobuck-ca-16-252\/","title":{"rendered":"Botina Nobuck de Amarrar"},"content":{"rendered":"\n<p class=\"has-black-color has-text-color has-small-font-size\"><strong>DESCRI\u00c7\u00c3O COMPLETA<\/strong><\/p>\n\n\n\n<p class=\"has-small-font-size\"><br><br>Cal\u00e7ado ocupacional, tipo botina, com fechamento em cadar\u00e7o, confeccionado em couro curtido ao cromo, palmilha de montagem em n\u00e3o tecido, solado em poliuretano bidensidade, injetado diretamente no cabedal, com resist\u00eancia a \u00f3leo combust\u00edvel, sem bico.<\/p>\n\n\n\n<p class=\"has-small-font-size\"><strong>CA: 16.252<\/strong><br><br><strong><em>Consultar numera\u00e7\u00e3o dispon\u00edvel. <\/em><\/strong><\/p>\n","protected":false},"excerpt":{"rendered":"<p>DESCRI\u00c7\u00c3O COMPLETA Cal\u00e7ado ocupacional, tipo botina, com fechamento em cadar\u00e7o, confeccionado em couro curtido ao cromo, palmilha de montagem em n\u00e3o tecido, solado em poliuretano bidensidade, injetado diretamente no cabedal, com resist\u00eancia a \u00f3leo combust\u00edvel, sem bico. CA: 16.252 Consultar numera\u00e7\u00e3o dispon\u00edvel.<\/p>\n","protected":false},"featured_media":498,"comment_status":"open","ping_status":"closed","template":"","meta":[],"product_brand":[],"product_cat":[19],"product_tag":[],"class_list":{"0":"post-497","1":"product","2":"type-product","3":"status-publish","4":"has-post-thumbnail","6":"product_cat-protecao-para-pes","8":"first","9":"instock","10":"shipping-taxable","11":"product-type-simple"},"_links":{"self":[{"href":"https:\/\/jotakaele.com.br\/index.php\/wp-json\/wp\/v2\/product\/497","targetHints":{"allow":["GET"]}}],"collection":[{"href":"https:\/\/jotakaele.com.br\/index.php\/wp-json\/wp\/v2\/product"}],"about":[{"href":"https:\/\/jotakaele.com.br\/index.php\/wp-json\/wp\/v2\/types\/product"}],"replies":[{"embeddable":true,"href":"https:\/\/jotakaele.com.br\/index.php\/wp-json\/wp\/v2\/comments?post=497"}],"wp:featuredmedia":[{"embeddable":true,"href":"https:\/\/jotakaele.com.br\/index.php\/wp-json\/wp\/v2\/media\/498"}],"wp:attachment":[{"href":"https:\/\/jotakaele.com.br\/index.php\/wp-json\/wp\/v2\/media?parent=497"}],"wp:term":[{"taxonomy":"product_brand","embeddable":true,"href":"https:\/\/jotakaele.com.br\/index.php\/wp-json\/wp\/v2\/product_brand?post=497"},{"taxonomy":"product_cat","embeddable":true,"href":"https:\/\/jotakaele.com.br\/index.php\/wp-json\/wp\/v2\/product_cat?post=497"},{"taxonomy":"product_tag","embeddable":true,"href":"https:\/\/jotakaele.com.br\/index.php\/wp-json\/wp\/v2\/product_tag?post=497"}],"curies":[{"name":"wp","href":"https:\/\/api.w.org\/{rel}","templated":true}]}}