{"id":493,"date":"2023-09-19T14:34:34","date_gmt":"2023-09-19T17:34:34","guid":{"rendered":"https:\/\/jotakaele.com.br\/?post_type=product&#038;p=493"},"modified":"2023-09-27T15:55:01","modified_gmt":"2023-09-27T18:55:01","slug":"botina-bico-de-pvc-ca-36-982","status":"publish","type":"product","link":"https:\/\/jotakaele.com.br\/index.php\/produto\/botina-bico-de-pvc-ca-36-982\/","title":{"rendered":"Botina com El\u00e1stico &#8211; Bico de PVC"},"content":{"rendered":"\n<p class=\"has-black-color has-text-color has-small-font-size\"><strong>DESCRI\u00c7\u00c3O COMPLETA<\/strong><\/p>\n\n\n\n<p class=\"has-small-font-size\"><br><br>Cal\u00e7ado ocupacional tipo botina, fechamento em el\u00e1stico, confeccionado em couro curtido ao cromo, palmilha de montagem em n\u00e3o tecido, solado em poliuretano bidensidade injetado diretamente ao cabeda, resistente ao escorregamento em piso de cer\u00e2mica contaminado com lauril sulfato de s\u00f3dio (detergente) SRA.<\/p>\n\n\n\n<p class=\"has-black-color has-text-color has-small-font-size\"><strong>CA: 36.982<\/strong><br><br><em><strong>Consultar numera\u00e7\u00e3o dispon\u00edvel. <\/strong><\/em><\/p>\n","protected":false},"excerpt":{"rendered":"<p>DESCRI\u00c7\u00c3O COMPLETA Cal\u00e7ado ocupacional tipo botina, fechamento em el\u00e1stico, confeccionado em couro curtido ao cromo, palmilha de montagem em n\u00e3o tecido, solado em poliuretano bidensidade injetado diretamente ao cabeda, resistente ao escorregamento em piso de cer\u00e2mica contaminado com lauril sulfato de s\u00f3dio (detergente) SRA. CA: 36.982 Consultar numera\u00e7\u00e3o dispon\u00edvel.<\/p>\n","protected":false},"featured_media":495,"comment_status":"open","ping_status":"closed","template":"","meta":[],"product_brand":[],"product_cat":[19],"product_tag":[],"class_list":{"0":"post-493","1":"product","2":"type-product","3":"status-publish","4":"has-post-thumbnail","6":"product_cat-protecao-para-pes","8":"first","9":"instock","10":"shipping-taxable","11":"product-type-simple"},"_links":{"self":[{"href":"https:\/\/jotakaele.com.br\/index.php\/wp-json\/wp\/v2\/product\/493","targetHints":{"allow":["GET"]}}],"collection":[{"href":"https:\/\/jotakaele.com.br\/index.php\/wp-json\/wp\/v2\/product"}],"about":[{"href":"https:\/\/jotakaele.com.br\/index.php\/wp-json\/wp\/v2\/types\/product"}],"replies":[{"embeddable":true,"href":"https:\/\/jotakaele.com.br\/index.php\/wp-json\/wp\/v2\/comments?post=493"}],"wp:featuredmedia":[{"embeddable":true,"href":"https:\/\/jotakaele.com.br\/index.php\/wp-json\/wp\/v2\/media\/495"}],"wp:attachment":[{"href":"https:\/\/jotakaele.com.br\/index.php\/wp-json\/wp\/v2\/media?parent=493"}],"wp:term":[{"taxonomy":"product_brand","embeddable":true,"href":"https:\/\/jotakaele.com.br\/index.php\/wp-json\/wp\/v2\/product_brand?post=493"},{"taxonomy":"product_cat","embeddable":true,"href":"https:\/\/jotakaele.com.br\/index.php\/wp-json\/wp\/v2\/product_cat?post=493"},{"taxonomy":"product_tag","embeddable":true,"href":"https:\/\/jotakaele.com.br\/index.php\/wp-json\/wp\/v2\/product_tag?post=493"}],"curies":[{"name":"wp","href":"https:\/\/api.w.org\/{rel}","templated":true}]}}