{"id":491,"date":"2023-09-19T14:31:42","date_gmt":"2023-09-19T17:31:42","guid":{"rendered":"https:\/\/jotakaele.com.br\/?post_type=product&#038;p=491"},"modified":"2023-09-29T13:37:04","modified_gmt":"2023-09-29T16:37:04","slug":"sapato-ocupacional-ca-18-228","status":"publish","type":"product","link":"https:\/\/jotakaele.com.br\/index.php\/produto\/sapato-ocupacional-ca-18-228\/","title":{"rendered":"Sapato Ocupacional"},"content":{"rendered":"\n<p class=\"has-black-color has-text-color has-small-font-size\"><strong>DESCRI\u00c7\u00c3O COMPLETA<\/strong><\/p>\n\n\n\n<p class=\"has-white-color has-text-color has-small-font-size\"><br><br>Cal\u00e7ado ocupacional tipo sapato, fechamento em el\u00e1stico na lateral, confeccionado em couro hidrofugado curtido ao cromo, palmilha de montagem em n\u00e3o tecido montada pelo sistema strobel.<br><\/p>\n\n\n\n<p class=\"has-black-color has-text-color has-small-font-size\"><strong>CA: 18.228 <\/strong><\/p>\n\n\n\n<p class=\"has-black-color has-text-color has-small-font-size\"><strong><br>*Consultador numera\u00e7\u00e3o dispon\u00edvel<\/strong>*<\/p>\n","protected":false},"excerpt":{"rendered":"<p>DESCRI\u00c7\u00c3O COMPLETA Cal\u00e7ado ocupacional tipo sapato, fechamento em el\u00e1stico na lateral, confeccionado em couro hidrofugado curtido ao cromo, palmilha de montagem em n\u00e3o tecido montada pelo sistema strobel. CA: 18.228 *Consultador numera\u00e7\u00e3o dispon\u00edvel*<\/p>\n","protected":false},"featured_media":1304,"comment_status":"open","ping_status":"closed","template":"","meta":[],"product_brand":[],"product_cat":[19],"product_tag":[],"class_list":{"0":"post-491","1":"product","2":"type-product","3":"status-publish","4":"has-post-thumbnail","6":"product_cat-protecao-para-pes","8":"first","9":"instock","10":"shipping-taxable","11":"product-type-simple"},"_links":{"self":[{"href":"https:\/\/jotakaele.com.br\/index.php\/wp-json\/wp\/v2\/product\/491","targetHints":{"allow":["GET"]}}],"collection":[{"href":"https:\/\/jotakaele.com.br\/index.php\/wp-json\/wp\/v2\/product"}],"about":[{"href":"https:\/\/jotakaele.com.br\/index.php\/wp-json\/wp\/v2\/types\/product"}],"replies":[{"embeddable":true,"href":"https:\/\/jotakaele.com.br\/index.php\/wp-json\/wp\/v2\/comments?post=491"}],"wp:featuredmedia":[{"embeddable":true,"href":"https:\/\/jotakaele.com.br\/index.php\/wp-json\/wp\/v2\/media\/1304"}],"wp:attachment":[{"href":"https:\/\/jotakaele.com.br\/index.php\/wp-json\/wp\/v2\/media?parent=491"}],"wp:term":[{"taxonomy":"product_brand","embeddable":true,"href":"https:\/\/jotakaele.com.br\/index.php\/wp-json\/wp\/v2\/product_brand?post=491"},{"taxonomy":"product_cat","embeddable":true,"href":"https:\/\/jotakaele.com.br\/index.php\/wp-json\/wp\/v2\/product_cat?post=491"},{"taxonomy":"product_tag","embeddable":true,"href":"https:\/\/jotakaele.com.br\/index.php\/wp-json\/wp\/v2\/product_tag?post=491"}],"curies":[{"name":"wp","href":"https:\/\/api.w.org\/{rel}","templated":true}]}}