{"id":472,"date":"2023-09-19T14:07:14","date_gmt":"2023-09-19T17:07:14","guid":{"rendered":"https:\/\/jotakaele.com.br\/?post_type=product&#038;p=472"},"modified":"2023-09-28T15:20:11","modified_gmt":"2023-09-28T18:20:11","slug":"capacete-de-seguranca-ca-31-469","status":"publish","type":"product","link":"https:\/\/jotakaele.com.br\/index.php\/produto\/capacete-de-seguranca-ca-31-469\/","title":{"rendered":"Capacete de Seguran\u00e7a Classe B &#8211; Azul"},"content":{"rendered":"\n<p class=\"has-black-color has-text-color has-small-font-size\" id=\"block-c0729fea-eedc-4305-a880-1a51e13b888f\"><strong>DESCRI\u00c7\u00c3O COMPLETA<\/strong><\/p>\n\n\n\n<p class=\"has-small-font-size\" id=\"block-88c3a7de-15fe-40a0-9997-201851f8e907\">Capacete de Seguran\u00e7a com aba frontal, copa com estrias e injetado em polietileno de alta densidade e com slot (abertura para acoplamento de protetor facial e auditivo). Suspens\u00e3o dividida em duas partes : carneira com ajuste traseiro e aranha, injetadas em polietileno de baixa densidade. Tira absorvente de suor confecionada em TNT dublado com espuma. Jugular opcinal confecionada em PVC com 13mm de largura e ajuste atrav\u00e9s de passador pl\u00e1stico. O design do casco foi projetado para distribuir uniformemente o impacto.<\/p>\n\n\n\n<p class=\"has-black-color has-text-color has-small-font-size\"><strong>CA: 31.469<\/strong><\/p>\n\n\n\n<p class=\"has-black-color has-text-color has-small-font-size\" id=\"block-288e6711-d46c-4ce2-b955-22aa8bcaa379\"><strong>INDICA\u00c7\u00c3O<\/strong><\/p>\n\n\n\n<p class=\"has-small-font-size\" id=\"block-73b9160e-a8e7-454a-ae10-ac4a3e1d3e50\">Na constru\u00e7\u00e3o civil, ind\u00fastrias qu\u00edmicas e petroqu\u00edmicas, minera\u00e7\u00e3o e em qualquerind\u00fastria onde haja a necessidade de se proteger a cabe\u00e7a contra impactos e perfura\u00e7\u00f5es.<\/p>\n","protected":false},"excerpt":{"rendered":"<p>CA: 31.469<\/p>\n<p>\u00a0<\/p>\n","protected":false},"featured_media":906,"comment_status":"open","ping_status":"closed","template":"","meta":[],"product_brand":[],"product_cat":[27],"product_tag":[],"class_list":{"0":"post-472","1":"product","2":"type-product","3":"status-publish","4":"has-post-thumbnail","6":"product_cat-protecao-cabeca-e-face","8":"first","9":"instock","10":"shipping-taxable","11":"product-type-simple"},"_links":{"self":[{"href":"https:\/\/jotakaele.com.br\/index.php\/wp-json\/wp\/v2\/product\/472","targetHints":{"allow":["GET"]}}],"collection":[{"href":"https:\/\/jotakaele.com.br\/index.php\/wp-json\/wp\/v2\/product"}],"about":[{"href":"https:\/\/jotakaele.com.br\/index.php\/wp-json\/wp\/v2\/types\/product"}],"replies":[{"embeddable":true,"href":"https:\/\/jotakaele.com.br\/index.php\/wp-json\/wp\/v2\/comments?post=472"}],"wp:featuredmedia":[{"embeddable":true,"href":"https:\/\/jotakaele.com.br\/index.php\/wp-json\/wp\/v2\/media\/906"}],"wp:attachment":[{"href":"https:\/\/jotakaele.com.br\/index.php\/wp-json\/wp\/v2\/media?parent=472"}],"wp:term":[{"taxonomy":"product_brand","embeddable":true,"href":"https:\/\/jotakaele.com.br\/index.php\/wp-json\/wp\/v2\/product_brand?post=472"},{"taxonomy":"product_cat","embeddable":true,"href":"https:\/\/jotakaele.com.br\/index.php\/wp-json\/wp\/v2\/product_cat?post=472"},{"taxonomy":"product_tag","embeddable":true,"href":"https:\/\/jotakaele.com.br\/index.php\/wp-json\/wp\/v2\/product_tag?post=472"}],"curies":[{"name":"wp","href":"https:\/\/api.w.org\/{rel}","templated":true}]}}