{"id":470,"date":"2023-09-19T14:02:03","date_gmt":"2023-09-19T17:02:03","guid":{"rendered":"https:\/\/jotakaele.com.br\/?post_type=product&#038;p=470"},"modified":"2023-09-27T14:41:57","modified_gmt":"2023-09-27T17:41:57","slug":"oculos-ampla-visao-ca-11-285","status":"publish","type":"product","link":"https:\/\/jotakaele.com.br\/index.php\/produto\/oculos-ampla-visao-ca-11-285\/","title":{"rendered":"\u00d3culos Ampla Vis\u00e3o Valvulado R\u00e3 Kalipso"},"content":{"rendered":"\n<p class=\"has-black-color has-text-color has-small-font-size\"><strong>DESCRI\u00c7\u00c3O COMPLETA<\/strong><\/p>\n\n\n\n<p class=\"has-small-font-size\">\u00d3culos de seguran\u00e7a modelo ampla-vis\u00e3o constitu\u00eddos de arma\u00e7\u00e3o confeccionada em pe\u00e7a \u00fanica de PVC flex\u00edvel transparente com sistema de ventila\u00e7\u00e3o indireta composto de duas v\u00e1lvulas localizadas na parte superior e duas v\u00e1lvulas localizadas na parte inferior da arma\u00e7\u00e3o, visor policarbonato incolor.<\/p>\n\n\n\n<p class=\"has-black-color has-text-color has-small-font-size\"><strong>CA: 12.354<\/strong><br><\/p>\n\n\n\n<p class=\"has-small-font-size\"><br>&nbsp;<\/p>\n","protected":false},"excerpt":{"rendered":"<p>CA: 12.354<\/p>\n<p><\/p>\n","protected":false},"featured_media":918,"comment_status":"open","ping_status":"closed","template":"","meta":[],"product_brand":[],"product_cat":[27],"product_tag":[],"class_list":{"0":"post-470","1":"product","2":"type-product","3":"status-publish","4":"has-post-thumbnail","6":"product_cat-protecao-cabeca-e-face","8":"first","9":"instock","10":"shipping-taxable","11":"product-type-simple"},"_links":{"self":[{"href":"https:\/\/jotakaele.com.br\/index.php\/wp-json\/wp\/v2\/product\/470","targetHints":{"allow":["GET"]}}],"collection":[{"href":"https:\/\/jotakaele.com.br\/index.php\/wp-json\/wp\/v2\/product"}],"about":[{"href":"https:\/\/jotakaele.com.br\/index.php\/wp-json\/wp\/v2\/types\/product"}],"replies":[{"embeddable":true,"href":"https:\/\/jotakaele.com.br\/index.php\/wp-json\/wp\/v2\/comments?post=470"}],"wp:featuredmedia":[{"embeddable":true,"href":"https:\/\/jotakaele.com.br\/index.php\/wp-json\/wp\/v2\/media\/918"}],"wp:attachment":[{"href":"https:\/\/jotakaele.com.br\/index.php\/wp-json\/wp\/v2\/media?parent=470"}],"wp:term":[{"taxonomy":"product_brand","embeddable":true,"href":"https:\/\/jotakaele.com.br\/index.php\/wp-json\/wp\/v2\/product_brand?post=470"},{"taxonomy":"product_cat","embeddable":true,"href":"https:\/\/jotakaele.com.br\/index.php\/wp-json\/wp\/v2\/product_cat?post=470"},{"taxonomy":"product_tag","embeddable":true,"href":"https:\/\/jotakaele.com.br\/index.php\/wp-json\/wp\/v2\/product_tag?post=470"}],"curies":[{"name":"wp","href":"https:\/\/api.w.org\/{rel}","templated":true}]}}