{"id":468,"date":"2023-09-19T14:01:11","date_gmt":"2023-09-19T17:01:11","guid":{"rendered":"https:\/\/jotakaele.com.br\/?post_type=product&#038;p=468"},"modified":"2023-09-27T14:42:30","modified_gmt":"2023-09-27T17:42:30","slug":"oculos-aruba-ca-25-716","status":"publish","type":"product","link":"https:\/\/jotakaele.com.br\/index.php\/produto\/oculos-aruba-ca-25-716\/","title":{"rendered":"\u00d3culos Ampla Vis\u00e3o Aruba Kalipso"},"content":{"rendered":"\n<p class=\"has-black-color has-text-color has-small-font-size\"><strong>DESCRI\u00c7\u00c3O COMPLETA<\/strong><\/p>\n\n\n\n<p class=\"has-small-font-size\">\u00d3culos de seguran\u00e7a modelo ampla-vis\u00e3o constitu\u00eddo de arma\u00e7\u00e3o confeccionada em uma \u00fanica pe\u00e7a de pl\u00e1stico r\u00edgido na cor branca recoberta internamente com borracha termopl\u00e1stica macia cinza, sistema de ventila\u00e7\u00e3o indireta composto de dezoito fendas, sendo dez na parte superior e oito na parte inferior da arma\u00e7\u00e3o, ajuste atrav\u00e9s de tirante el\u00e1stico preto com regulagem de tamanho encaixado nas laterais do visor por meio de presilhas pl\u00e1sticas que permitem a movimenta\u00e7\u00e3o angular, visor confeccionado em policarbonato dispon\u00edvel nas cores incolor, amarelo, verde e cinza. O modelo cobre toda a regi\u00e3o em torno dos olhos do usu\u00e1rio.<\/p>\n\n\n\n<p class=\"has-black-color has-text-color has-small-font-size\"><strong>CA: 25.716<\/strong><\/p>\n\n\n\n<p class=\"has-black-color has-text-color has-small-font-size\"><strong>INDICA\u00c7\u00c3O<\/strong><\/p>\n\n\n\n<p class=\"has-small-font-size\">Indicado para prote\u00e7\u00e3o dos olhos do usu\u00e1rio contra impactos de part\u00edculas volantes, contra raios ultravioleta (U 6), nos casos das lentes incolor, amarela, verde e cinza e contra luz intensa (L 2,5) no caso da lente cinza.<\/p>\n","protected":false},"excerpt":{"rendered":"<p>CA: 25.716<\/p>\n<p>\u00a0<\/p>\n","protected":false},"featured_media":919,"comment_status":"open","ping_status":"closed","template":"","meta":[],"product_brand":[],"product_cat":[27],"product_tag":[],"class_list":{"0":"post-468","1":"product","2":"type-product","3":"status-publish","4":"has-post-thumbnail","6":"product_cat-protecao-cabeca-e-face","8":"first","9":"instock","10":"shipping-taxable","11":"product-type-simple"},"_links":{"self":[{"href":"https:\/\/jotakaele.com.br\/index.php\/wp-json\/wp\/v2\/product\/468","targetHints":{"allow":["GET"]}}],"collection":[{"href":"https:\/\/jotakaele.com.br\/index.php\/wp-json\/wp\/v2\/product"}],"about":[{"href":"https:\/\/jotakaele.com.br\/index.php\/wp-json\/wp\/v2\/types\/product"}],"replies":[{"embeddable":true,"href":"https:\/\/jotakaele.com.br\/index.php\/wp-json\/wp\/v2\/comments?post=468"}],"wp:featuredmedia":[{"embeddable":true,"href":"https:\/\/jotakaele.com.br\/index.php\/wp-json\/wp\/v2\/media\/919"}],"wp:attachment":[{"href":"https:\/\/jotakaele.com.br\/index.php\/wp-json\/wp\/v2\/media?parent=468"}],"wp:term":[{"taxonomy":"product_brand","embeddable":true,"href":"https:\/\/jotakaele.com.br\/index.php\/wp-json\/wp\/v2\/product_brand?post=468"},{"taxonomy":"product_cat","embeddable":true,"href":"https:\/\/jotakaele.com.br\/index.php\/wp-json\/wp\/v2\/product_cat?post=468"},{"taxonomy":"product_tag","embeddable":true,"href":"https:\/\/jotakaele.com.br\/index.php\/wp-json\/wp\/v2\/product_tag?post=468"}],"curies":[{"name":"wp","href":"https:\/\/api.w.org\/{rel}","templated":true}]}}